{"id":2094,"date":"2024-10-21T11:55:48","date_gmt":"2024-10-21T08:55:48","guid":{"rendered":"https:\/\/goodmoodmeals.com\/product\/huehnercurry\/"},"modified":"2025-09-06T19:37:41","modified_gmt":"2025-09-06T19:37:41","slug":"huehnercurry","status":"publish","type":"product","link":"https:\/\/goodmoodmeals.com\/de\/produkt\/huehnercurry\/","title":{"rendered":"H\u00e4hnchen-Curry"},"content":{"rendered":"","protected":false},"excerpt":{"rendered":"<p><strong>Genie\u00dfen Sie den reichhaltigen und aromatischen Geschmack von H\u00e4hnchen-Curry<\/strong>, zubereitet aus <strong>zartem H\u00e4hnchen, duftenden Gew\u00fcrzen und einer cremigen Currysauce<\/strong>. Diese <strong>gefriergetrocknete Mahlzeit<\/strong> ist perfekt f\u00fcr <strong>Camping, Wandern, Notvorr\u00e4te und Milit\u00e4rrationen<\/strong>. Leicht, nahrhaft und einfach zuzubereiten \u2013 einfach hei\u00dfes Wasser hinzuf\u00fcgen, und eine nahrhafte Mahlzeit ist bereit!<\/p>\n<p style=\"text-align: left;\">\u2713 <strong>7 Jahre Haltbarkeit<\/strong> \u2013 ideal f\u00fcr die langfristige Lagerung<br \/>\n\u2713 <strong>Leicht &amp; schnell zuzubereiten<\/strong> \u2013 perfekt f\u00fcr Outdoor-Abenteuer<br \/>\n\u2713 <strong>Nahrhaft &amp; s\u00e4ttigend<\/strong> \u2013 reich an Proteinen, Ballaststoffen und essenziellen N\u00e4hrstoffen<br \/>\n\u2713 <strong>Keine K\u00fchlung erforderlich<\/strong><\/p>\n","protected":false},"featured_media":6512,"comment_status":"open","ping_status":"closed","template":"","meta":[],"product_brand":[],"product_cat":[122,135,133],"product_tag":[],"class_list":{"0":"post-2094","1":"product","2":"type-product","3":"status-publish","4":"has-post-thumbnail","6":"product_cat-alle-produkte","7":"product_cat-hauptgerichte","8":"product_cat-verkaufsschlager","10":"first","11":"instock","12":"taxable","13":"shipping-taxable","14":"purchasable","15":"product-type-simple"},"_links":{"self":[{"href":"https:\/\/goodmoodmeals.com\/de\/wp-json\/wp\/v2\/product\/2094","targetHints":{"allow":["GET"]}}],"collection":[{"href":"https:\/\/goodmoodmeals.com\/de\/wp-json\/wp\/v2\/product"}],"about":[{"href":"https:\/\/goodmoodmeals.com\/de\/wp-json\/wp\/v2\/types\/product"}],"replies":[{"embeddable":true,"href":"https:\/\/goodmoodmeals.com\/de\/wp-json\/wp\/v2\/comments?post=2094"}],"wp:featuredmedia":[{"embeddable":true,"href":"https:\/\/goodmoodmeals.com\/de\/wp-json\/wp\/v2\/media\/6512"}],"wp:attachment":[{"href":"https:\/\/goodmoodmeals.com\/de\/wp-json\/wp\/v2\/media?parent=2094"}],"wp:term":[{"taxonomy":"product_brand","embeddable":true,"href":"https:\/\/goodmoodmeals.com\/de\/wp-json\/wp\/v2\/product_brand?post=2094"},{"taxonomy":"product_cat","embeddable":true,"href":"https:\/\/goodmoodmeals.com\/de\/wp-json\/wp\/v2\/product_cat?post=2094"},{"taxonomy":"product_tag","embeddable":true,"href":"https:\/\/goodmoodmeals.com\/de\/wp-json\/wp\/v2\/product_tag?post=2094"}],"curies":[{"name":"wp","href":"https:\/\/api.w.org\/{rel}","templated":true}]}}