{"id":2089,"date":"2024-10-21T11:55:48","date_gmt":"2024-10-21T08:55:48","guid":{"rendered":"https:\/\/goodmoodmeals.com\/product\/gulaschsuppe\/"},"modified":"2026-04-30T16:03:07","modified_gmt":"2026-04-30T13:03:07","slug":"gulaschsuppe","status":"publish","type":"product","link":"https:\/\/goodmoodmeals.com\/de\/product\/gulaschsuppe\/","title":{"rendered":"Gulaschsuppe"},"content":{"rendered":"","protected":false},"excerpt":{"rendered":"<p><strong>Genie\u00dfen Sie den reichhaltigen und w\u00e4rmenden Geschmack der traditionellen Gulaschsuppe<\/strong>, zubereitet aus <strong>Schweinefleisch, Paprika und aromatischem Gem\u00fcse<\/strong>. Diese <strong>gefriergetrocknete Mahlzeit<\/strong> ist perfekt f\u00fcr <strong>Camping, Wanderungen, Notvorr\u00e4te und Milit\u00e4rrationen<\/strong>. Leicht, nahrhaft und einfach zuzubereiten \u2013 einfach hei\u00dfes Wasser hinzuf\u00fcgen, ein paar Minuten warten und genie\u00dfen!<\/p>\n<p>\u2713 <strong>7 Jahre Haltbarkeit<\/strong> \u2013 ideal f\u00fcr die langfristige Lagerung<br \/>\n\u2713 <strong>Leicht &amp; schnell zuzubereiten<\/strong> \u2013 perfekt f\u00fcr Outdoor-Abenteuer<br \/>\n\u2713 <strong>Nahrhaft &amp; s\u00e4ttigend<\/strong> \u2013 hergestellt aus hochwertigen Zutaten<br \/>\n\u2713 <strong>Keine K\u00fchlung erforderlich<\/strong><\/p>\n","protected":false},"featured_media":6449,"comment_status":"open","ping_status":"closed","template":"","meta":[],"product_brand":[],"product_cat":[122,143],"product_tag":[],"class_list":{"0":"post-2089","1":"product","2":"type-product","3":"status-publish","4":"has-post-thumbnail","6":"product_cat-alle-produkte","7":"product_cat-suppen","9":"first","10":"instock","11":"taxable","12":"shipping-taxable","13":"purchasable","14":"product-type-simple"},"_links":{"self":[{"href":"https:\/\/goodmoodmeals.com\/de\/wp-json\/wp\/v2\/product\/2089","targetHints":{"allow":["GET"]}}],"collection":[{"href":"https:\/\/goodmoodmeals.com\/de\/wp-json\/wp\/v2\/product"}],"about":[{"href":"https:\/\/goodmoodmeals.com\/de\/wp-json\/wp\/v2\/types\/product"}],"replies":[{"embeddable":true,"href":"https:\/\/goodmoodmeals.com\/de\/wp-json\/wp\/v2\/comments?post=2089"}],"wp:featuredmedia":[{"embeddable":true,"href":"https:\/\/goodmoodmeals.com\/de\/wp-json\/wp\/v2\/media\/6449"}],"wp:attachment":[{"href":"https:\/\/goodmoodmeals.com\/de\/wp-json\/wp\/v2\/media?parent=2089"}],"wp:term":[{"taxonomy":"product_brand","embeddable":true,"href":"https:\/\/goodmoodmeals.com\/de\/wp-json\/wp\/v2\/product_brand?post=2089"},{"taxonomy":"product_cat","embeddable":true,"href":"https:\/\/goodmoodmeals.com\/de\/wp-json\/wp\/v2\/product_cat?post=2089"},{"taxonomy":"product_tag","embeddable":true,"href":"https:\/\/goodmoodmeals.com\/de\/wp-json\/wp\/v2\/product_tag?post=2089"}],"curies":[{"name":"wp","href":"https:\/\/api.w.org\/{rel}","templated":true}]}}