{"id":2084,"date":"2024-10-21T11:55:48","date_gmt":"2024-10-21T08:55:48","guid":{"rendered":"https:\/\/goodmoodmeals.com\/product\/erbsenpueree-mit-fleisch\/"},"modified":"2026-04-30T16:03:05","modified_gmt":"2026-04-30T13:03:05","slug":"erbsenpueree-mit-fleisch","status":"publish","type":"product","link":"https:\/\/goodmoodmeals.com\/de\/product\/erbsenpueree-mit-fleisch\/","title":{"rendered":"Erbsenp\u00fcree mit Fleisch"},"content":{"rendered":"","protected":false},"excerpt":{"rendered":"<p><strong>Nahrhafte &amp; k\u00f6stliche Mahlzeit f\u00fcr Outdoor-Abenteuer<\/strong><\/p>\n<p>Genie\u00dfen Sie eine herzhafte und eiwei\u00dfreiche <strong>gefriergetrocknete Erbsenp\u00fcree mit Fleisch<\/strong>, perfekt f\u00fcr Camping, Wandern und die Notfallversorgung. Diese leichte und lang haltbare Mahlzeit ist einfach zuzubereiten \u2013 einfach hei\u00dfes Wasser hinzuf\u00fcgen und ein leckeres sowie nahrhaftes Gericht genie\u00dfen. <strong>7 Jahre Haltbarkeit<\/strong> \u2013 keine spezielle Lagerung erforderlich.<\/p>\n<p style=\"text-align: left;\">\u2713 <strong>7 Jahre Haltbarkeit<\/strong> \u2013 ideal f\u00fcr die Langzeitlagerung<br \/>\n\u2713 <strong>Leicht &amp; schnell zubereitet<\/strong> \u2013 perfekt f\u00fcr Outdoor-Abenteuer<br \/>\n\u2713 <strong>Nahrhaft &amp; s\u00e4ttigend<\/strong> \u2013 reich an Proteinen, Ballaststoffen und wichtigen N\u00e4hrstoffen<br \/>\n\u2713 <strong>Keine K\u00fchlung erforderlich<\/strong><\/p>\n","protected":false},"featured_media":6506,"comment_status":"open","ping_status":"closed","template":"","meta":[],"product_brand":[],"product_cat":[122,135],"product_tag":[],"class_list":{"0":"post-2084","1":"product","2":"type-product","3":"status-publish","4":"has-post-thumbnail","6":"product_cat-alle-produkte","7":"product_cat-hauptgerichte","9":"first","10":"instock","11":"taxable","12":"shipping-taxable","13":"purchasable","14":"product-type-simple"},"_links":{"self":[{"href":"https:\/\/goodmoodmeals.com\/de\/wp-json\/wp\/v2\/product\/2084","targetHints":{"allow":["GET"]}}],"collection":[{"href":"https:\/\/goodmoodmeals.com\/de\/wp-json\/wp\/v2\/product"}],"about":[{"href":"https:\/\/goodmoodmeals.com\/de\/wp-json\/wp\/v2\/types\/product"}],"replies":[{"embeddable":true,"href":"https:\/\/goodmoodmeals.com\/de\/wp-json\/wp\/v2\/comments?post=2084"}],"wp:featuredmedia":[{"embeddable":true,"href":"https:\/\/goodmoodmeals.com\/de\/wp-json\/wp\/v2\/media\/6506"}],"wp:attachment":[{"href":"https:\/\/goodmoodmeals.com\/de\/wp-json\/wp\/v2\/media?parent=2084"}],"wp:term":[{"taxonomy":"product_brand","embeddable":true,"href":"https:\/\/goodmoodmeals.com\/de\/wp-json\/wp\/v2\/product_brand?post=2084"},{"taxonomy":"product_cat","embeddable":true,"href":"https:\/\/goodmoodmeals.com\/de\/wp-json\/wp\/v2\/product_cat?post=2084"},{"taxonomy":"product_tag","embeddable":true,"href":"https:\/\/goodmoodmeals.com\/de\/wp-json\/wp\/v2\/product_tag?post=2084"}],"curies":[{"name":"wp","href":"https:\/\/api.w.org\/{rel}","templated":true}]}}