{"id":2080,"date":"2024-10-21T11:55:48","date_gmt":"2024-10-21T08:55:48","guid":{"rendered":"https:\/\/goodmoodmeals.com\/product\/linsen-mit-gemuese-und-kaesesauce\/"},"modified":"2026-04-30T16:03:06","modified_gmt":"2026-04-30T13:03:06","slug":"linsen-mit-gemuese-und-kaesesauce","status":"publish","type":"product","link":"https:\/\/goodmoodmeals.com\/de\/product\/linsen-mit-gemuese-und-kaesesauce\/","title":{"rendered":"Linsen mit Gem\u00fcse und K\u00e4sesauce"},"content":{"rendered":"","protected":false},"excerpt":{"rendered":"<p><strong>Genie\u00dfen Sie eine herzhafte und nahrhafte Mahlzeit<\/strong> mit <strong>proteinreichen Linsen, gesunden Gem\u00fcsen und einer cremigen K\u00e4sesauce<\/strong>. Diese <strong>gefriergetrocknete Mahlzeit<\/strong> ist perfekt f\u00fcr <strong>Camping, Wandern, Notvorr\u00e4te und Milit\u00e4rrationen<\/strong>. Leicht, schmackhaft und einfach zuzubereiten \u2013 einfach hei\u00dfes Wasser hinzuf\u00fcgen, und das k\u00f6stliche Gericht ist fertig!<\/p>\n<p>\u2713 <strong>7 Jahre Haltbarkeit<\/strong> \u2013 ideal f\u00fcr die langfristige Lagerung<br \/>\n\u2713 <strong>Leicht &amp; schnell zuzubereiten<\/strong> \u2013 perfekt f\u00fcr Outdoor-Abenteuer<br \/>\n\u2713 <strong>Nahrhaft &amp; s\u00e4ttigend<\/strong> \u2013 aus hochwertigen Zutaten hergestellt<br \/>\n\u2713 <strong>Keine K\u00fchlung erforderlich<\/strong><\/p>\n","protected":false},"featured_media":6521,"comment_status":"open","ping_status":"closed","template":"","meta":[],"product_brand":[],"product_cat":[122,151],"product_tag":[],"class_list":{"0":"post-2080","1":"product","2":"type-product","3":"status-publish","4":"has-post-thumbnail","6":"product_cat-alle-produkte","7":"product_cat-vegetarisch","9":"first","10":"instock","11":"taxable","12":"shipping-taxable","13":"purchasable","14":"product-type-simple"},"_links":{"self":[{"href":"https:\/\/goodmoodmeals.com\/de\/wp-json\/wp\/v2\/product\/2080","targetHints":{"allow":["GET"]}}],"collection":[{"href":"https:\/\/goodmoodmeals.com\/de\/wp-json\/wp\/v2\/product"}],"about":[{"href":"https:\/\/goodmoodmeals.com\/de\/wp-json\/wp\/v2\/types\/product"}],"replies":[{"embeddable":true,"href":"https:\/\/goodmoodmeals.com\/de\/wp-json\/wp\/v2\/comments?post=2080"}],"wp:featuredmedia":[{"embeddable":true,"href":"https:\/\/goodmoodmeals.com\/de\/wp-json\/wp\/v2\/media\/6521"}],"wp:attachment":[{"href":"https:\/\/goodmoodmeals.com\/de\/wp-json\/wp\/v2\/media?parent=2080"}],"wp:term":[{"taxonomy":"product_brand","embeddable":true,"href":"https:\/\/goodmoodmeals.com\/de\/wp-json\/wp\/v2\/product_brand?post=2080"},{"taxonomy":"product_cat","embeddable":true,"href":"https:\/\/goodmoodmeals.com\/de\/wp-json\/wp\/v2\/product_cat?post=2080"},{"taxonomy":"product_tag","embeddable":true,"href":"https:\/\/goodmoodmeals.com\/de\/wp-json\/wp\/v2\/product_tag?post=2080"}],"curies":[{"name":"wp","href":"https:\/\/api.w.org\/{rel}","templated":true}]}}