{"id":2069,"date":"2024-10-21T08:55:50","date_gmt":"2024-10-21T08:55:50","guid":{"rendered":"https:\/\/goodmoodmeals.com\/product\/reis-und-soja\/"},"modified":"2025-02-13T10:24:41","modified_gmt":"2025-02-13T10:24:41","slug":"reis-und-soja","status":"publish","type":"product","link":"https:\/\/goodmoodmeals.com\/de\/product\/reis-und-soja\/","title":{"rendered":"Reis und Soja"},"content":{"rendered":"","protected":false},"excerpt":{"rendered":"<p data-start=\"2753\" data-end=\"3207\">Genie\u00dfen Sie eine vollwertige und <strong data-start=\"2787\" data-end=\"2845\">pflanzliche gefriergetrocknete Reis- und Soja-Mahlzeit<\/strong>, ideal f\u00fcr Camping, Wandern und die langfristige Lebensmittelaufbewahrung. Diese <strong data-start=\"2927\" data-end=\"2956\">leichte und lang haltbare<\/strong> Mahlzeit ist reich an Proteinen und wichtigen N\u00e4hrstoffen und liefert nachhaltige Energie f\u00fcr unterwegs. Einfach hei\u00dfes Wasser hinzuf\u00fcgen und eine k\u00f6stliche, s\u00e4ttigende vegane Mahlzeit genie\u00dfen. <strong data-start=\"3152\" data-end=\"3175\">7 Jahre Haltbarkeit<\/strong> \u2013 keine K\u00fchlung erforderlich.<\/p>\n<p style=\"text-align: left;\" data-start=\"3209\" data-end=\"3540\">\u2713 <strong data-start=\"3211\" data-end=\"3238\">100% vegan &amp; pflanzlich<\/strong> \u2013 ideal f\u00fcr eine nachhaltige Ern\u00e4hrung<br data-start=\"3277\" data-end=\"3280\" \/>\u2713 <strong data-start=\"3282\" data-end=\"3305\">7 Jahre Haltbarkeit<\/strong> \u2013 perfekt f\u00fcr die Langzeitlagerung<br data-start=\"3340\" data-end=\"3343\" \/>\u2713 <strong data-start=\"3345\" data-end=\"3376\">Leicht &amp; schnell zubereitet<\/strong> \u2013 optimal f\u00fcr Outdoor-Abenteuer<br data-start=\"3408\" data-end=\"3411\" \/>\u2713 <strong data-start=\"3413\" data-end=\"3437\">Nahrhaft &amp; s\u00e4ttigend<\/strong> \u2013 reich an Proteinen, Ballaststoffen und essenziellen N\u00e4hrstoffen<br data-start=\"3503\" data-end=\"3506\" \/>\u2713 <strong data-start=\"3508\" data-end=\"3538\">Keine K\u00fchlung erforderlich<\/strong><\/p>\n","protected":false},"featured_media":6533,"comment_status":"open","ping_status":"closed","template":"","meta":[],"product_brand":[],"product_cat":[122,150,151],"product_tag":[],"class_list":{"0":"post-2069","1":"product","2":"type-product","3":"status-publish","4":"has-post-thumbnail","6":"product_cat-alle-produkte","7":"product_cat-vegan-de","8":"product_cat-vegetarisch","10":"first","11":"instock","12":"taxable","13":"shipping-taxable","14":"purchasable","15":"product-type-simple"},"_links":{"self":[{"href":"https:\/\/goodmoodmeals.com\/de\/wp-json\/wp\/v2\/product\/2069","targetHints":{"allow":["GET"]}}],"collection":[{"href":"https:\/\/goodmoodmeals.com\/de\/wp-json\/wp\/v2\/product"}],"about":[{"href":"https:\/\/goodmoodmeals.com\/de\/wp-json\/wp\/v2\/types\/product"}],"replies":[{"embeddable":true,"href":"https:\/\/goodmoodmeals.com\/de\/wp-json\/wp\/v2\/comments?post=2069"}],"wp:featuredmedia":[{"embeddable":true,"href":"https:\/\/goodmoodmeals.com\/de\/wp-json\/wp\/v2\/media\/6533"}],"wp:attachment":[{"href":"https:\/\/goodmoodmeals.com\/de\/wp-json\/wp\/v2\/media?parent=2069"}],"wp:term":[{"taxonomy":"product_brand","embeddable":true,"href":"https:\/\/goodmoodmeals.com\/de\/wp-json\/wp\/v2\/product_brand?post=2069"},{"taxonomy":"product_cat","embeddable":true,"href":"https:\/\/goodmoodmeals.com\/de\/wp-json\/wp\/v2\/product_cat?post=2069"},{"taxonomy":"product_tag","embeddable":true,"href":"https:\/\/goodmoodmeals.com\/de\/wp-json\/wp\/v2\/product_tag?post=2069"}],"curies":[{"name":"wp","href":"https:\/\/api.w.org\/{rel}","templated":true}]}}