{"id":2063,"date":"2024-10-21T11:55:50","date_gmt":"2024-10-21T08:55:50","guid":{"rendered":"https:\/\/goodmoodmeals.com\/product\/buchweizen-mit-soja\/"},"modified":"2025-02-12T10:24:21","modified_gmt":"2025-02-12T10:24:21","slug":"buchweizen-mit-soja","status":"publish","type":"product","link":"https:\/\/goodmoodmeals.com\/de\/product\/buchweizen-mit-soja\/","title":{"rendered":"Buchweizen mit Soja"},"content":{"rendered":"","protected":false},"excerpt":{"rendered":"<p>Genie\u00dfen Sie eine gesunde und eiwei\u00dfreiche <strong>gefriergetrocknete vegane Buchweizenmahlzeit mit Soja<\/strong>, perfekt f\u00fcr Camping, Wandern und die langfristige Lebensmittelaufbewahrung. Diese 100% <strong>pflanzliche<\/strong> Mahlzeit ist leicht, lang haltbar und schnell zubereitet \u2013 einfach hei\u00dfes Wasser hinzuf\u00fcgen und ein leckeres sowie s\u00e4ttigendes Gericht genie\u00dfen. <strong>7 Jahre Haltbarkeit<\/strong> \u2013 keine K\u00fchlung erforderlich. Bleiben Sie unterwegs voller Energie mit dieser <strong>k\u00f6stlichen, n\u00e4hrstoffreichen und praktischen veganen Mahlzeit<\/strong>.<\/p>\n<p style=\"text-align: left;\">\u2713 <strong>100% vegan &amp; pflanzlich<\/strong> \u2013 ideal f\u00fcr eine nachhaltige Ern\u00e4hrung<br \/>\n\u2713 <strong>7 Jahre Haltbarkeit<\/strong> \u2013 ideal f\u00fcr die Langzeitlagerung<br \/>\n\u2713 <strong>Leicht &amp; schnell zubereitet<\/strong> \u2013 perfekt f\u00fcr Outdoor-Abenteuer<br \/>\n\u2713 <strong>Nahrhaft &amp; s\u00e4ttigend<\/strong> \u2013 reich an Proteinen, Ballaststoffen und wichtigen N\u00e4hrstoffen<br \/>\n\u2713 <strong>Keine K\u00fchlung erforderlich<\/strong><\/p>\n","protected":false},"featured_media":6539,"comment_status":"open","ping_status":"closed","template":"","meta":[],"product_brand":[],"product_cat":[122,150,151],"product_tag":[],"class_list":{"0":"post-2063","1":"product","2":"type-product","3":"status-publish","4":"has-post-thumbnail","6":"product_cat-alle-produkte","7":"product_cat-vegan-de","8":"product_cat-vegetarisch","10":"first","11":"instock","12":"taxable","13":"shipping-taxable","14":"purchasable","15":"product-type-simple"},"_links":{"self":[{"href":"https:\/\/goodmoodmeals.com\/de\/wp-json\/wp\/v2\/product\/2063","targetHints":{"allow":["GET"]}}],"collection":[{"href":"https:\/\/goodmoodmeals.com\/de\/wp-json\/wp\/v2\/product"}],"about":[{"href":"https:\/\/goodmoodmeals.com\/de\/wp-json\/wp\/v2\/types\/product"}],"replies":[{"embeddable":true,"href":"https:\/\/goodmoodmeals.com\/de\/wp-json\/wp\/v2\/comments?post=2063"}],"wp:featuredmedia":[{"embeddable":true,"href":"https:\/\/goodmoodmeals.com\/de\/wp-json\/wp\/v2\/media\/6539"}],"wp:attachment":[{"href":"https:\/\/goodmoodmeals.com\/de\/wp-json\/wp\/v2\/media?parent=2063"}],"wp:term":[{"taxonomy":"product_brand","embeddable":true,"href":"https:\/\/goodmoodmeals.com\/de\/wp-json\/wp\/v2\/product_brand?post=2063"},{"taxonomy":"product_cat","embeddable":true,"href":"https:\/\/goodmoodmeals.com\/de\/wp-json\/wp\/v2\/product_cat?post=2063"},{"taxonomy":"product_tag","embeddable":true,"href":"https:\/\/goodmoodmeals.com\/de\/wp-json\/wp\/v2\/product_tag?post=2063"}],"curies":[{"name":"wp","href":"https:\/\/api.w.org\/{rel}","templated":true}]}}