{"id":2054,"date":"2024-10-21T11:55:50","date_gmt":"2024-10-21T08:55:50","guid":{"rendered":"https:\/\/goodmoodmeals.com\/product\/pasta-alla-bolognese\/"},"modified":"2026-04-30T16:03:17","modified_gmt":"2026-04-30T13:03:17","slug":"pasta-alla-bolognese","status":"publish","type":"product","link":"https:\/\/goodmoodmeals.com\/de\/product\/pasta-alla-bolognese\/","title":{"rendered":"Pasta Alla Bolognese"},"content":{"rendered":"","protected":false},"excerpt":{"rendered":"<p>Genie\u00dfen Sie eine herzhafte und aromatische <strong>gefriergetrocknete Pasta alla Bolognese<\/strong>, perfekt f\u00fcr Camping, Wandern und die langfristige Lebensmittelaufbewahrung. Diese leichte und lang haltbare Mahlzeit ist schnell zubereitet \u2013 einfach hei\u00dfes Wasser hinzuf\u00fcgen und ein leckeres sowie s\u00e4ttigendes Gericht genie\u00dfen. <strong>7 Jahre Haltbarkeit<\/strong> \u2013 keine K\u00fchlung erforderlich. Bleiben Sie unterwegs voller Energie mit dieser <strong>k\u00f6stlichen und praktischen Mahlzeit<\/strong>.<\/p>\n<p style=\"text-align: left;\">\u2713 <strong>7 Jahre Haltbarkeit<\/strong> \u2013 ideal f\u00fcr die Langzeitlagerung<br \/>\n\u2713 <strong>Leicht &amp; schnell zubereitet<\/strong> \u2013 perfekt f\u00fcr Outdoor-Abenteuer<br \/>\n\u2713 <strong>Nahrhaft &amp; s\u00e4ttigend<\/strong> \u2013 reich an Proteinen und wichtigen N\u00e4hrstoffen<br \/>\n\u2713 <strong>Keine K\u00fchlung erforderlich<\/strong><\/p>\n","protected":false},"featured_media":6452,"comment_status":"open","ping_status":"closed","template":"","meta":[],"product_brand":[],"product_cat":[122,135,133],"product_tag":[],"class_list":{"0":"post-2054","1":"product","2":"type-product","3":"status-publish","4":"has-post-thumbnail","6":"product_cat-alle-produkte","7":"product_cat-hauptgerichte","8":"product_cat-verkaufsschlager","10":"first","11":"instock","12":"taxable","13":"shipping-taxable","14":"purchasable","15":"product-type-simple"},"_links":{"self":[{"href":"https:\/\/goodmoodmeals.com\/de\/wp-json\/wp\/v2\/product\/2054","targetHints":{"allow":["GET"]}}],"collection":[{"href":"https:\/\/goodmoodmeals.com\/de\/wp-json\/wp\/v2\/product"}],"about":[{"href":"https:\/\/goodmoodmeals.com\/de\/wp-json\/wp\/v2\/types\/product"}],"replies":[{"embeddable":true,"href":"https:\/\/goodmoodmeals.com\/de\/wp-json\/wp\/v2\/comments?post=2054"}],"wp:featuredmedia":[{"embeddable":true,"href":"https:\/\/goodmoodmeals.com\/de\/wp-json\/wp\/v2\/media\/6452"}],"wp:attachment":[{"href":"https:\/\/goodmoodmeals.com\/de\/wp-json\/wp\/v2\/media?parent=2054"}],"wp:term":[{"taxonomy":"product_brand","embeddable":true,"href":"https:\/\/goodmoodmeals.com\/de\/wp-json\/wp\/v2\/product_brand?post=2054"},{"taxonomy":"product_cat","embeddable":true,"href":"https:\/\/goodmoodmeals.com\/de\/wp-json\/wp\/v2\/product_cat?post=2054"},{"taxonomy":"product_tag","embeddable":true,"href":"https:\/\/goodmoodmeals.com\/de\/wp-json\/wp\/v2\/product_tag?post=2054"}],"curies":[{"name":"wp","href":"https:\/\/api.w.org\/{rel}","templated":true}]}}