{"id":2042,"date":"2024-10-21T11:55:50","date_gmt":"2024-10-21T08:55:50","guid":{"rendered":"https:\/\/goodmoodmeals.com\/product\/milchreis-mit-erdbeeren\/"},"modified":"2026-04-30T16:03:14","modified_gmt":"2026-04-30T13:03:14","slug":"milchreis-mit-erdbeeren","status":"publish","type":"product","link":"https:\/\/goodmoodmeals.com\/de\/product\/milchreis-mit-erdbeeren\/","title":{"rendered":"Milchreis mit Erdbeeren"},"content":{"rendered":"","protected":false},"excerpt":{"rendered":"<p data-start=\"2277\" data-end=\"2361\"><strong data-start=\"2277\" data-end=\"2359\">Cremiger Milchreis mit Erdbeeren \u2013 ein s\u00fc\u00dfer Genuss f\u00fcr unterwegs oder Zuhause<\/strong><\/p>\n<p data-start=\"2363\" data-end=\"2765\">Genie\u00dfen Sie <strong data-start=\"2376\" data-end=\"2423\">gefriergetrockneten Milchreis mit Erdbeeren<\/strong>, perfekt f\u00fcr Camping, Wandern oder als s\u00fc\u00dfer Leckerbissen zu Hause. Dieses <strong data-start=\"2499\" data-end=\"2528\">leichte und lang haltbare<\/strong> Dessert ist schnell zubereitet \u2013 einfach hei\u00dfes Wasser hinzuf\u00fcgen und eine cremige, fruchtige K\u00f6stlichkeit genie\u00dfen. <strong data-start=\"2646\" data-end=\"2669\">7 Jahre Haltbarkeit<\/strong> \u2013 keine K\u00fchlung erforderlich. Erleben Sie <strong data-start=\"2712\" data-end=\"2746\">den Geschmack echter Erdbeeren<\/strong> in jedem L\u00f6ffel!<\/p>\n<p style=\"text-align: left;\" data-start=\"2767\" data-end=\"3017\">\u2713 <strong data-start=\"2769\" data-end=\"2792\">7 Jahre Haltbarkeit<\/strong> \u2013 ideal f\u00fcr die Langzeitlagerung<br data-start=\"2825\" data-end=\"2828\" \/>\u2713 <strong data-start=\"2830\" data-end=\"2861\">Leicht &amp; schnell zubereitet<\/strong> \u2013 perfekt f\u00fcr Outdoor-Abenteuer oder zuhause<br data-start=\"2906\" data-end=\"2909\" \/>\u2713 <strong data-start=\"2911\" data-end=\"2932\">Cremig &amp; fruchtig<\/strong> \u2013 reich an Kohlenhydraten und nat\u00fcrlichem Aroma<br data-start=\"2980\" data-end=\"2983\" \/>\u2713 <strong data-start=\"2985\" data-end=\"3015\">Keine K\u00fchlung erforderlich<\/strong><\/p>\n","protected":false},"featured_media":6461,"comment_status":"open","ping_status":"closed","template":"","meta":[],"product_brand":[],"product_cat":[122,140,134,151],"product_tag":[],"class_list":{"0":"post-2042","1":"product","2":"type-product","3":"status-publish","4":"has-post-thumbnail","6":"product_cat-alle-produkte","7":"product_cat-desserts","8":"product_cat-fruhstuck","9":"product_cat-vegetarisch","11":"first","12":"instock","13":"taxable","14":"shipping-taxable","15":"purchasable","16":"product-type-simple"},"_links":{"self":[{"href":"https:\/\/goodmoodmeals.com\/de\/wp-json\/wp\/v2\/product\/2042","targetHints":{"allow":["GET"]}}],"collection":[{"href":"https:\/\/goodmoodmeals.com\/de\/wp-json\/wp\/v2\/product"}],"about":[{"href":"https:\/\/goodmoodmeals.com\/de\/wp-json\/wp\/v2\/types\/product"}],"replies":[{"embeddable":true,"href":"https:\/\/goodmoodmeals.com\/de\/wp-json\/wp\/v2\/comments?post=2042"}],"wp:featuredmedia":[{"embeddable":true,"href":"https:\/\/goodmoodmeals.com\/de\/wp-json\/wp\/v2\/media\/6461"}],"wp:attachment":[{"href":"https:\/\/goodmoodmeals.com\/de\/wp-json\/wp\/v2\/media?parent=2042"}],"wp:term":[{"taxonomy":"product_brand","embeddable":true,"href":"https:\/\/goodmoodmeals.com\/de\/wp-json\/wp\/v2\/product_brand?post=2042"},{"taxonomy":"product_cat","embeddable":true,"href":"https:\/\/goodmoodmeals.com\/de\/wp-json\/wp\/v2\/product_cat?post=2042"},{"taxonomy":"product_tag","embeddable":true,"href":"https:\/\/goodmoodmeals.com\/de\/wp-json\/wp\/v2\/product_tag?post=2042"}],"curies":[{"name":"wp","href":"https:\/\/api.w.org\/{rel}","templated":true}]}}