{"id":2041,"date":"2024-10-21T11:55:50","date_gmt":"2024-10-21T08:55:50","guid":{"rendered":"https:\/\/goodmoodmeals.com\/product\/kartoffeln-mit-schweinefleisch-und-dillsauce\/"},"modified":"2025-02-12T10:49:39","modified_gmt":"2025-02-12T10:49:39","slug":"kartoffeln-mit-schweinefleisch-und-dillsauce","status":"publish","type":"product","link":"https:\/\/goodmoodmeals.com\/de\/product\/kartoffeln-mit-schweinefleisch-und-dillsauce\/","title":{"rendered":"Kartoffeln mit Schweinefleisch und Dillsauce"},"content":{"rendered":"","protected":false},"excerpt":{"rendered":"<p><strong>Herzhafte Kartoffeln mit Schweinefleisch und Dillsauce \u2013 Perfekt f\u00fcr Outdoor-Abenteuer. <\/strong>Genie\u00dfen Sie <strong>gefriergetrocknete Kartoffeln mit Schweinefleisch und Dillsauce<\/strong>, die einen kr\u00e4ftigen und hausgemachten Geschmack bieten \u2013 ideal f\u00fcr Camping, Wandern und Notfallvorsorge. Diese leichte und lange haltbare Mahlzeit ist schnell zubereitet \u2013 einfach hei\u00dfes Wasser hinzuf\u00fcgen und eine s\u00e4ttigende, leckere Mahlzeit genie\u00dfen. <strong>7 Jahre Haltbarkeit<\/strong> \u2013 keine K\u00fchlung erforderlich.<\/p>\n<p style=\"text-align: left;\">\u2713 <strong>7 Jahre Haltbarkeit<\/strong> \u2013 ideal f\u00fcr die Langzeitlagerung<br \/>\n\u2713 <strong>Leicht &amp; schnell zubereitet<\/strong> \u2013 perfekt f\u00fcr Outdoor-Abenteuer<br \/>\n\u2713 <strong>S\u00e4ttigend &amp; nahrhaft<\/strong> \u2013 reich an Proteinen und wichtigen N\u00e4hrstoffen<br \/>\n\u2713 <strong>Keine K\u00fchlung erforderlich<\/strong><\/p>\n","protected":false},"featured_media":6500,"comment_status":"open","ping_status":"closed","template":"","meta":[],"product_brand":[],"product_cat":[122,135],"product_tag":[],"class_list":{"0":"post-2041","1":"product","2":"type-product","3":"status-publish","4":"has-post-thumbnail","6":"product_cat-alle-produkte","7":"product_cat-hauptgerichte","9":"first","10":"outofstock","11":"taxable","12":"shipping-taxable","13":"purchasable","14":"product-type-simple"},"_links":{"self":[{"href":"https:\/\/goodmoodmeals.com\/de\/wp-json\/wp\/v2\/product\/2041","targetHints":{"allow":["GET"]}}],"collection":[{"href":"https:\/\/goodmoodmeals.com\/de\/wp-json\/wp\/v2\/product"}],"about":[{"href":"https:\/\/goodmoodmeals.com\/de\/wp-json\/wp\/v2\/types\/product"}],"replies":[{"embeddable":true,"href":"https:\/\/goodmoodmeals.com\/de\/wp-json\/wp\/v2\/comments?post=2041"}],"wp:featuredmedia":[{"embeddable":true,"href":"https:\/\/goodmoodmeals.com\/de\/wp-json\/wp\/v2\/media\/6500"}],"wp:attachment":[{"href":"https:\/\/goodmoodmeals.com\/de\/wp-json\/wp\/v2\/media?parent=2041"}],"wp:term":[{"taxonomy":"product_brand","embeddable":true,"href":"https:\/\/goodmoodmeals.com\/de\/wp-json\/wp\/v2\/product_brand?post=2041"},{"taxonomy":"product_cat","embeddable":true,"href":"https:\/\/goodmoodmeals.com\/de\/wp-json\/wp\/v2\/product_cat?post=2041"},{"taxonomy":"product_tag","embeddable":true,"href":"https:\/\/goodmoodmeals.com\/de\/wp-json\/wp\/v2\/product_tag?post=2041"}],"curies":[{"name":"wp","href":"https:\/\/api.w.org\/{rel}","templated":true}]}}