{"id":2036,"date":"2024-10-21T11:55:51","date_gmt":"2024-10-21T08:55:51","guid":{"rendered":"https:\/\/goodmoodmeals.com\/product\/pasta-carbonara\/"},"modified":"2026-04-30T16:03:17","modified_gmt":"2026-04-30T13:03:17","slug":"pasta-carbonara","status":"publish","type":"product","link":"https:\/\/goodmoodmeals.com\/de\/product\/pasta-carbonara\/","title":{"rendered":"Pasta Carbonara"},"content":{"rendered":"","protected":false},"excerpt":{"rendered":"<p data-start=\"2332\" data-end=\"2711\">Genie\u00dfen Sie <strong data-start=\"2345\" data-end=\"2383\">gefriergetrocknete Pasta Carbonara<\/strong>, die den traditionellen Geschmack Italiens mit cremiger Sauce, ger\u00e4uchertem Speck und perfekt gekochten Nudeln einf\u00e4ngt. Ideal f\u00fcr Camping, Wandern oder eine schnelle, herzhafte Mahlzeit \u00fcberall. <strong data-start=\"2580\" data-end=\"2607\">Leicht und lang haltbar<\/strong>, einfach hei\u00dfes Wasser hinzuf\u00fcgen und genie\u00dfen! <strong data-start=\"2656\" data-end=\"2679\">7 Jahre Haltbarkeit<\/strong> \u2013 keine K\u00fchlung erforderlich.<\/p>\n<p style=\"text-align: left;\" data-start=\"2713\" data-end=\"2935\">\u2713 <strong data-start=\"2715\" data-end=\"2738\">7 Jahre Haltbarkeit<\/strong> \u2013 ideal f\u00fcr die Langzeitlagerung<br data-start=\"2771\" data-end=\"2774\" \/>\u2713 <strong data-start=\"2776\" data-end=\"2807\">Leicht &amp; schnell zubereitet<\/strong> \u2013 perfekt f\u00fcr Outdoor-Abenteuer<br data-start=\"2839\" data-end=\"2842\" \/>\u2713 <strong data-start=\"2844\" data-end=\"2866\">S\u00e4ttigend &amp; cremig<\/strong> \u2013 voller Geschmack und Proteine<br data-start=\"2898\" data-end=\"2901\" \/>\u2713 <strong data-start=\"2903\" data-end=\"2933\">Keine K\u00fchlung erforderlich<\/strong><\/p>\n","protected":false},"featured_media":6458,"comment_status":"open","ping_status":"closed","template":"","meta":[],"product_brand":[],"product_cat":[122,135,133],"product_tag":[],"class_list":{"0":"post-2036","1":"product","2":"type-product","3":"status-publish","4":"has-post-thumbnail","6":"product_cat-alle-produkte","7":"product_cat-hauptgerichte","8":"product_cat-verkaufsschlager","10":"first","11":"instock","12":"taxable","13":"shipping-taxable","14":"purchasable","15":"product-type-simple"},"_links":{"self":[{"href":"https:\/\/goodmoodmeals.com\/de\/wp-json\/wp\/v2\/product\/2036","targetHints":{"allow":["GET"]}}],"collection":[{"href":"https:\/\/goodmoodmeals.com\/de\/wp-json\/wp\/v2\/product"}],"about":[{"href":"https:\/\/goodmoodmeals.com\/de\/wp-json\/wp\/v2\/types\/product"}],"replies":[{"embeddable":true,"href":"https:\/\/goodmoodmeals.com\/de\/wp-json\/wp\/v2\/comments?post=2036"}],"wp:featuredmedia":[{"embeddable":true,"href":"https:\/\/goodmoodmeals.com\/de\/wp-json\/wp\/v2\/media\/6458"}],"wp:attachment":[{"href":"https:\/\/goodmoodmeals.com\/de\/wp-json\/wp\/v2\/media?parent=2036"}],"wp:term":[{"taxonomy":"product_brand","embeddable":true,"href":"https:\/\/goodmoodmeals.com\/de\/wp-json\/wp\/v2\/product_brand?post=2036"},{"taxonomy":"product_cat","embeddable":true,"href":"https:\/\/goodmoodmeals.com\/de\/wp-json\/wp\/v2\/product_cat?post=2036"},{"taxonomy":"product_tag","embeddable":true,"href":"https:\/\/goodmoodmeals.com\/de\/wp-json\/wp\/v2\/product_tag?post=2036"}],"curies":[{"name":"wp","href":"https:\/\/api.w.org\/{rel}","templated":true}]}}