{"id":2029,"date":"2024-10-21T11:55:51","date_gmt":"2024-10-21T08:55:51","guid":{"rendered":"https:\/\/goodmoodmeals.com\/product\/apfel-zimt-streusel\/"},"modified":"2026-04-30T16:03:16","modified_gmt":"2026-04-30T13:03:16","slug":"apfel-zimt-streusel","status":"publish","type":"product","link":"https:\/\/goodmoodmeals.com\/de\/product\/apfel-zimt-streusel\/","title":{"rendered":"Apfel-Zimt-Crumble"},"content":{"rendered":"","protected":false},"excerpt":{"rendered":"<p data-start=\"2296\" data-end=\"2383\"><strong data-start=\"2296\" data-end=\"2381\">Knuspriger Apfel-Zimt-Crumble \u2013 Ein k\u00f6stliches Dessert f\u00fcr unterwegs oder Zuhause<\/strong><\/p>\n<p data-start=\"2385\" data-end=\"2751\">Genie\u00dfen Sie <strong data-start=\"2398\" data-end=\"2440\">gefriergetrockneten Apfel-Zimt-Crumble<\/strong>, eine perfekte Mischung aus s\u00fc\u00dfen \u00c4pfeln, warmem Zimt und knusprigen Streuseln. Perfekt f\u00fcr Camping, Wandern oder als schneller Nachtisch zu Hause. <strong data-start=\"2589\" data-end=\"2616\">Leicht und lang haltbar<\/strong>, einfach hei\u00dfes Wasser hinzuf\u00fcgen und ein warmes, k\u00f6stliches Dessert genie\u00dfen. <strong data-start=\"2696\" data-end=\"2719\">7 Jahre Haltbarkeit<\/strong> \u2013 keine K\u00fchlung erforderlich.<\/p>\n<p style=\"text-align: left;\" data-start=\"2753\" data-end=\"2984\">\u2713 <strong data-start=\"2755\" data-end=\"2778\">7 Jahre Haltbarkeit<\/strong> \u2013 ideal f\u00fcr die Langzeitlagerung<br data-start=\"2811\" data-end=\"2814\" \/>\u2713 <strong data-start=\"2816\" data-end=\"2847\">Leicht &amp; schnell zubereitet<\/strong> \u2013 perfekt f\u00fcr Outdoor-Abenteuer<br data-start=\"2879\" data-end=\"2882\" \/>\u2713 <strong data-start=\"2884\" data-end=\"2904\">S\u00fc\u00df &amp; aromatisch<\/strong> \u2013 reich an nat\u00fcrlichen Aromen und Gew\u00fcrzen<br data-start=\"2947\" data-end=\"2950\" \/>\u2713 <strong data-start=\"2952\" data-end=\"2982\">Keine K\u00fchlung erforderlich<\/strong><\/p>\n","protected":false},"featured_media":6446,"comment_status":"open","ping_status":"closed","template":"","meta":[],"product_brand":[],"product_cat":[122,140,134,151,133],"product_tag":[],"class_list":{"0":"post-2029","1":"product","2":"type-product","3":"status-publish","4":"has-post-thumbnail","6":"product_cat-alle-produkte","7":"product_cat-desserts","8":"product_cat-fruhstuck","9":"product_cat-vegetarisch","10":"product_cat-verkaufsschlager","12":"first","13":"instock","14":"taxable","15":"shipping-taxable","16":"purchasable","17":"product-type-simple"},"_links":{"self":[{"href":"https:\/\/goodmoodmeals.com\/de\/wp-json\/wp\/v2\/product\/2029","targetHints":{"allow":["GET"]}}],"collection":[{"href":"https:\/\/goodmoodmeals.com\/de\/wp-json\/wp\/v2\/product"}],"about":[{"href":"https:\/\/goodmoodmeals.com\/de\/wp-json\/wp\/v2\/types\/product"}],"replies":[{"embeddable":true,"href":"https:\/\/goodmoodmeals.com\/de\/wp-json\/wp\/v2\/comments?post=2029"}],"wp:featuredmedia":[{"embeddable":true,"href":"https:\/\/goodmoodmeals.com\/de\/wp-json\/wp\/v2\/media\/6446"}],"wp:attachment":[{"href":"https:\/\/goodmoodmeals.com\/de\/wp-json\/wp\/v2\/media?parent=2029"}],"wp:term":[{"taxonomy":"product_brand","embeddable":true,"href":"https:\/\/goodmoodmeals.com\/de\/wp-json\/wp\/v2\/product_brand?post=2029"},{"taxonomy":"product_cat","embeddable":true,"href":"https:\/\/goodmoodmeals.com\/de\/wp-json\/wp\/v2\/product_cat?post=2029"},{"taxonomy":"product_tag","embeddable":true,"href":"https:\/\/goodmoodmeals.com\/de\/wp-json\/wp\/v2\/product_tag?post=2029"}],"curies":[{"name":"wp","href":"https:\/\/api.w.org\/{rel}","templated":true}]}}