{"id":2023,"date":"2024-10-21T11:55:51","date_gmt":"2024-10-21T08:55:51","guid":{"rendered":"https:\/\/goodmoodmeals.com\/product\/plov\/"},"modified":"2026-04-30T16:03:15","modified_gmt":"2026-04-30T13:03:15","slug":"plov","status":"publish","type":"product","link":"https:\/\/goodmoodmeals.com\/de\/product\/plov\/","title":{"rendered":"Plov"},"content":{"rendered":"<p>ZUTATEN: Reis; Schweinefleisch; Karotten; Raps\u00f6l; Kartoffelst\u00e4rke; Salz; Gew\u00fcrze (Zwiebel, Knoblauch, Basilikum, Minze, Oregano, Thymian, rote Paprika, Koriander, Piment).<\/p>\n","protected":false},"excerpt":{"rendered":"<p data-start=\"2333\" data-end=\"2751\">Genie\u00dfen Sie den authentischen Geschmack von <strong data-start=\"2378\" data-end=\"2406\">gefriergetrocknetem Plov<\/strong>, einer k\u00f6stlichen Kombination aus zartem Fleisch, aromatischem Reis und perfekt abgestimmten Gew\u00fcrzen. Diese <strong data-start=\"2516\" data-end=\"2545\">leichte und lang haltbare<\/strong> Mahlzeit ist ideal f\u00fcr Camping, Wandern oder Notfallvorr\u00e4te. Einfach hei\u00dfes Wasser hinzuf\u00fcgen und eine <strong data-start=\"2649\" data-end=\"2694\">warme, kr\u00e4ftige Mahlzeit \u00fcberall genie\u00dfen<\/strong>. <strong data-start=\"2696\" data-end=\"2719\">7 Jahre Haltbarkeit<\/strong> \u2013 keine K\u00fchlung erforderlich.<\/p>\n<p style=\"text-align: left;\" data-start=\"2753\" data-end=\"2989\">\u2713 <strong data-start=\"2755\" data-end=\"2778\">7 Jahre Haltbarkeit<\/strong> \u2013 ideal f\u00fcr die Langzeitlagerung<br data-start=\"2811\" data-end=\"2814\" \/>\u2713 <strong data-start=\"2816\" data-end=\"2847\">Leicht &amp; schnell zubereitet<\/strong> \u2013 perfekt f\u00fcr Outdoor-Abenteuer<br data-start=\"2879\" data-end=\"2882\" \/>\u2713 <strong data-start=\"2884\" data-end=\"2910\">S\u00e4ttigend &amp; aromatisch<\/strong> \u2013 mit Proteinen, Reis und w\u00fcrzigen Aromen<br data-start=\"2952\" data-end=\"2955\" \/>\u2713 <strong data-start=\"2957\" data-end=\"2987\">Keine K\u00fchlung erforderlich<\/strong><\/p>\n","protected":false},"featured_media":6491,"comment_status":"open","ping_status":"closed","template":"","meta":[],"product_brand":[],"product_cat":[122,135],"product_tag":[],"class_list":{"0":"post-2023","1":"product","2":"type-product","3":"status-publish","4":"has-post-thumbnail","6":"product_cat-alle-produkte","7":"product_cat-hauptgerichte","9":"first","10":"instock","11":"taxable","12":"shipping-taxable","13":"purchasable","14":"product-type-simple"},"_links":{"self":[{"href":"https:\/\/goodmoodmeals.com\/de\/wp-json\/wp\/v2\/product\/2023","targetHints":{"allow":["GET"]}}],"collection":[{"href":"https:\/\/goodmoodmeals.com\/de\/wp-json\/wp\/v2\/product"}],"about":[{"href":"https:\/\/goodmoodmeals.com\/de\/wp-json\/wp\/v2\/types\/product"}],"replies":[{"embeddable":true,"href":"https:\/\/goodmoodmeals.com\/de\/wp-json\/wp\/v2\/comments?post=2023"}],"wp:featuredmedia":[{"embeddable":true,"href":"https:\/\/goodmoodmeals.com\/de\/wp-json\/wp\/v2\/media\/6491"}],"wp:attachment":[{"href":"https:\/\/goodmoodmeals.com\/de\/wp-json\/wp\/v2\/media?parent=2023"}],"wp:term":[{"taxonomy":"product_brand","embeddable":true,"href":"https:\/\/goodmoodmeals.com\/de\/wp-json\/wp\/v2\/product_brand?post=2023"},{"taxonomy":"product_cat","embeddable":true,"href":"https:\/\/goodmoodmeals.com\/de\/wp-json\/wp\/v2\/product_cat?post=2023"},{"taxonomy":"product_tag","embeddable":true,"href":"https:\/\/goodmoodmeals.com\/de\/wp-json\/wp\/v2\/product_tag?post=2023"}],"curies":[{"name":"wp","href":"https:\/\/api.w.org\/{rel}","templated":true}]}}