{"id":2020,"date":"2024-10-21T11:55:51","date_gmt":"2024-10-21T08:55:51","guid":{"rendered":"https:\/\/goodmoodmeals.com\/product\/perlgraupen-mit-schweinefleisch\/"},"modified":"2026-04-30T16:03:15","modified_gmt":"2026-04-30T13:03:15","slug":"perlgraupen-mit-schweinefleisch","status":"publish","type":"product","link":"https:\/\/goodmoodmeals.com\/de\/product\/perlgraupen-mit-schweinefleisch\/","title":{"rendered":"Perlgraupen mit Schweinefleisch"},"content":{"rendered":"","protected":false},"excerpt":{"rendered":"<p data-start=\"1685\" data-end=\"1884\"><strong data-start=\"1685\" data-end=\"1882\">Genie\u00dfen Sie den kr\u00e4ftigen und nahrhaften Geschmack von gefriergetrockneter Graupen mit Schweinefleisch \u2013 eine s\u00e4ttigende und k\u00f6stliche Mahlzeit, ideal f\u00fcr Camping, Wandern oder Notfallvorr\u00e4te.<\/strong><\/p>\n<p data-start=\"1886\" data-end=\"2189\">Diese <strong data-start=\"1892\" data-end=\"1921\">leichte und lang haltbare<\/strong> Mahlzeit ist reich an <strong data-start=\"1944\" data-end=\"2012\">hochwertigem Eiwei\u00df, Ballaststoffen und essenziellen N\u00e4hrstoffen<\/strong>, die Ihnen Energie liefern. Einfach hei\u00dfes Wasser hinzuf\u00fcgen und <strong data-start=\"2078\" data-end=\"2132\">eine warme, hausgemachte Mahlzeit \u00fcberall genie\u00dfen<\/strong>. <strong data-start=\"2134\" data-end=\"2157\">7 Jahre Haltbarkeit<\/strong> \u2013 keine K\u00fchlung erforderlich.<\/p>\n<p style=\"text-align: left;\" data-start=\"2191\" data-end=\"2439\">\u2713 <strong data-start=\"2193\" data-end=\"2216\">7 Jahre Haltbarkeit<\/strong> \u2013 ideal f\u00fcr die Langzeitlagerung<br data-start=\"2249\" data-end=\"2252\" \/>\u2713 <strong data-start=\"2254\" data-end=\"2285\">Leicht &amp; schnell zubereitet<\/strong> \u2013 perfekt f\u00fcr Outdoor-Abenteuer<br data-start=\"2317\" data-end=\"2320\" \/>\u2713 <strong data-start=\"2322\" data-end=\"2345\">Kr\u00e4ftig &amp; s\u00e4ttigend<\/strong> \u2013 reich an Eiwei\u00df, Ballaststoffen und nat\u00fcrlichen Aromen<br data-start=\"2402\" data-end=\"2405\" \/>\u2713 <strong data-start=\"2407\" data-end=\"2437\">Keine K\u00fchlung erforderlich<\/strong><\/p>\n","protected":false},"featured_media":6536,"comment_status":"open","ping_status":"closed","template":"","meta":[],"product_brand":[],"product_cat":[122,135,133],"product_tag":[],"class_list":{"0":"post-2020","1":"product","2":"type-product","3":"status-publish","4":"has-post-thumbnail","6":"product_cat-alle-produkte","7":"product_cat-hauptgerichte","8":"product_cat-verkaufsschlager","10":"first","11":"instock","12":"taxable","13":"shipping-taxable","14":"purchasable","15":"product-type-simple"},"_links":{"self":[{"href":"https:\/\/goodmoodmeals.com\/de\/wp-json\/wp\/v2\/product\/2020","targetHints":{"allow":["GET"]}}],"collection":[{"href":"https:\/\/goodmoodmeals.com\/de\/wp-json\/wp\/v2\/product"}],"about":[{"href":"https:\/\/goodmoodmeals.com\/de\/wp-json\/wp\/v2\/types\/product"}],"replies":[{"embeddable":true,"href":"https:\/\/goodmoodmeals.com\/de\/wp-json\/wp\/v2\/comments?post=2020"}],"wp:featuredmedia":[{"embeddable":true,"href":"https:\/\/goodmoodmeals.com\/de\/wp-json\/wp\/v2\/media\/6536"}],"wp:attachment":[{"href":"https:\/\/goodmoodmeals.com\/de\/wp-json\/wp\/v2\/media?parent=2020"}],"wp:term":[{"taxonomy":"product_brand","embeddable":true,"href":"https:\/\/goodmoodmeals.com\/de\/wp-json\/wp\/v2\/product_brand?post=2020"},{"taxonomy":"product_cat","embeddable":true,"href":"https:\/\/goodmoodmeals.com\/de\/wp-json\/wp\/v2\/product_cat?post=2020"},{"taxonomy":"product_tag","embeddable":true,"href":"https:\/\/goodmoodmeals.com\/de\/wp-json\/wp\/v2\/product_tag?post=2020"}],"curies":[{"name":"wp","href":"https:\/\/api.w.org\/{rel}","templated":true}]}}