{"id":2016,"date":"2024-10-28T11:47:47","date_gmt":"2024-10-28T09:47:47","guid":{"rendered":"https:\/\/goodmoodmeals.com\/product\/reis-huhn\/"},"modified":"2026-04-30T16:03:22","modified_gmt":"2026-04-30T13:03:22","slug":"reis-huhn","status":"publish","type":"product","link":"https:\/\/goodmoodmeals.com\/de\/product\/reis-huhn\/","title":{"rendered":"Reis mit Huhn"},"content":{"rendered":"","protected":false},"excerpt":{"rendered":"<p data-start=\"836\" data-end=\"1052\"><strong data-start=\"836\" data-end=\"1050\">Genie\u00dfen Sie den kr\u00e4ftigen und nahrhaften Geschmack von gefriergetrocknetem Reis mit H\u00e4hnchen \u2013 eine s\u00e4ttigende und k\u00f6stliche Mahlzeit, ideal f\u00fcr Camping, Wandern oder die langfristige Lebensmittelaufbewahrung.<\/strong><\/p>\n<p data-start=\"1054\" data-end=\"1376\">Diese <strong data-start=\"1060\" data-end=\"1089\">leichte und lang haltbare<\/strong> Mahlzeit ist reich an <strong data-start=\"1112\" data-end=\"1180\">hochwertigem Eiwei\u00df, Kohlenhydraten und essenziellen N\u00e4hrstoffen<\/strong>, die Ihnen Energie f\u00fcr den ganzen Tag liefern. Einfach hei\u00dfes Wasser hinzuf\u00fcgen und <strong data-start=\"1265\" data-end=\"1319\">eine warme, hausgemachte Mahlzeit \u00fcberall genie\u00dfen<\/strong>. <strong data-start=\"1321\" data-end=\"1344\">7 Jahre Haltbarkeit<\/strong> \u2013 keine K\u00fchlung erforderlich.<\/p>\n<p style=\"text-align: left;\" data-start=\"1378\" data-end=\"1607\">\u2713 <strong data-start=\"1380\" data-end=\"1403\">7 Jahre Haltbarkeit<\/strong> \u2013 ideal f\u00fcr die Langzeitlagerung<br data-start=\"1436\" data-end=\"1439\" \/>\u2713 <strong data-start=\"1441\" data-end=\"1472\">Leicht &amp; schnell zubereitet<\/strong> \u2013 perfekt f\u00fcr Outdoor-Abenteuer<br data-start=\"1504\" data-end=\"1507\" \/>\u2713 <strong data-start=\"1509\" data-end=\"1537\">Proteinreich &amp; s\u00e4ttigend<\/strong> \u2013 voller essenzieller N\u00e4hrstoffe<br data-start=\"1570\" data-end=\"1573\" \/>\u2713 <strong data-start=\"1575\" data-end=\"1605\">Keine K\u00fchlung erforderlich<\/strong><\/p>\n","protected":false},"featured_media":6488,"comment_status":"open","ping_status":"closed","template":"","meta":[],"product_brand":[],"product_cat":[122,135],"product_tag":[],"class_list":{"0":"post-2016","1":"product","2":"type-product","3":"status-publish","4":"has-post-thumbnail","6":"product_cat-alle-produkte","7":"product_cat-hauptgerichte","9":"first","10":"instock","11":"taxable","12":"shipping-taxable","13":"purchasable","14":"product-type-simple"},"_links":{"self":[{"href":"https:\/\/goodmoodmeals.com\/de\/wp-json\/wp\/v2\/product\/2016","targetHints":{"allow":["GET"]}}],"collection":[{"href":"https:\/\/goodmoodmeals.com\/de\/wp-json\/wp\/v2\/product"}],"about":[{"href":"https:\/\/goodmoodmeals.com\/de\/wp-json\/wp\/v2\/types\/product"}],"replies":[{"embeddable":true,"href":"https:\/\/goodmoodmeals.com\/de\/wp-json\/wp\/v2\/comments?post=2016"}],"wp:featuredmedia":[{"embeddable":true,"href":"https:\/\/goodmoodmeals.com\/de\/wp-json\/wp\/v2\/media\/6488"}],"wp:attachment":[{"href":"https:\/\/goodmoodmeals.com\/de\/wp-json\/wp\/v2\/media?parent=2016"}],"wp:term":[{"taxonomy":"product_brand","embeddable":true,"href":"https:\/\/goodmoodmeals.com\/de\/wp-json\/wp\/v2\/product_brand?post=2016"},{"taxonomy":"product_cat","embeddable":true,"href":"https:\/\/goodmoodmeals.com\/de\/wp-json\/wp\/v2\/product_cat?post=2016"},{"taxonomy":"product_tag","embeddable":true,"href":"https:\/\/goodmoodmeals.com\/de\/wp-json\/wp\/v2\/product_tag?post=2016"}],"curies":[{"name":"wp","href":"https:\/\/api.w.org\/{rel}","templated":true}]}}