{"id":2015,"date":"2024-10-21T11:55:51","date_gmt":"2024-10-21T08:55:51","guid":{"rendered":"https:\/\/goodmoodmeals.com\/product\/omelett\/"},"modified":"2026-04-30T16:03:13","modified_gmt":"2026-04-30T13:03:13","slug":"omelett","status":"publish","type":"product","link":"https:\/\/goodmoodmeals.com\/de\/product\/omelett\/","title":{"rendered":"Omelett"},"content":{"rendered":"","protected":false},"excerpt":{"rendered":"<p data-start=\"778\" data-end=\"935\"><strong data-start=\"778\" data-end=\"933\">Genie\u00dfen Sie gefriergetrocknetes Omelett \u2013 eine schnelle und einfache Mahlzeit, ideal f\u00fcr Camping, Wandern oder die Langzeitlagerung von Lebensmitteln.<\/strong><\/p>\n<p data-start=\"937\" data-end=\"1232\">Dieses <strong data-start=\"944\" data-end=\"973\">leichte und lang haltbare<\/strong> Gericht ist reich an <strong data-start=\"995\" data-end=\"1034\">Proteinen und wichtigen N\u00e4hrstoffen<\/strong>, die Ihnen den ganzen Tag \u00fcber Energie liefern. Einfach Wasser hinzuf\u00fcgen, zubereiten und <strong data-start=\"1125\" data-end=\"1175\">ein warmes, fluffiges Omelett \u00fcberall genie\u00dfen<\/strong>. <strong data-start=\"1177\" data-end=\"1200\">7 Jahre Haltbarkeit<\/strong> \u2013 keine K\u00fchlung erforderlich.<\/p>\n<p style=\"text-align: left;\" data-start=\"1234\" data-end=\"1493\">\u2713 <strong data-start=\"1236\" data-end=\"1259\">7 Jahre Haltbarkeit<\/strong> \u2013 ideal f\u00fcr die Langzeitlagerung<br data-start=\"1292\" data-end=\"1295\" \/>\u2713 <strong data-start=\"1297\" data-end=\"1328\">Leicht &amp; schnell zubereitet<\/strong> \u2013 perfekt f\u00fcr Outdoor-Aktivit\u00e4ten<br data-start=\"1362\" data-end=\"1365\" \/>\u2713 <strong data-start=\"1367\" data-end=\"1395\">Proteinreich &amp; s\u00e4ttigend<\/strong> \u2013 ideal f\u00fcr ein nahrhaftes Fr\u00fchst\u00fcck oder einen Energieschub<br data-start=\"1456\" data-end=\"1459\" \/>\u2713 <strong data-start=\"1461\" data-end=\"1491\">Keine K\u00fchlung erforderlich<\/strong><\/p>\n","protected":false},"featured_media":6515,"comment_status":"open","ping_status":"closed","template":"","meta":[],"product_brand":[],"product_cat":[122,134],"product_tag":[],"class_list":{"0":"post-2015","1":"product","2":"type-product","3":"status-publish","4":"has-post-thumbnail","6":"product_cat-alle-produkte","7":"product_cat-fruhstuck","9":"first","10":"instock","11":"taxable","12":"shipping-taxable","13":"purchasable","14":"product-type-simple"},"_links":{"self":[{"href":"https:\/\/goodmoodmeals.com\/de\/wp-json\/wp\/v2\/product\/2015","targetHints":{"allow":["GET"]}}],"collection":[{"href":"https:\/\/goodmoodmeals.com\/de\/wp-json\/wp\/v2\/product"}],"about":[{"href":"https:\/\/goodmoodmeals.com\/de\/wp-json\/wp\/v2\/types\/product"}],"replies":[{"embeddable":true,"href":"https:\/\/goodmoodmeals.com\/de\/wp-json\/wp\/v2\/comments?post=2015"}],"wp:featuredmedia":[{"embeddable":true,"href":"https:\/\/goodmoodmeals.com\/de\/wp-json\/wp\/v2\/media\/6515"}],"wp:attachment":[{"href":"https:\/\/goodmoodmeals.com\/de\/wp-json\/wp\/v2\/media?parent=2015"}],"wp:term":[{"taxonomy":"product_brand","embeddable":true,"href":"https:\/\/goodmoodmeals.com\/de\/wp-json\/wp\/v2\/product_brand?post=2015"},{"taxonomy":"product_cat","embeddable":true,"href":"https:\/\/goodmoodmeals.com\/de\/wp-json\/wp\/v2\/product_cat?post=2015"},{"taxonomy":"product_tag","embeddable":true,"href":"https:\/\/goodmoodmeals.com\/de\/wp-json\/wp\/v2\/product_tag?post=2015"}],"curies":[{"name":"wp","href":"https:\/\/api.w.org\/{rel}","templated":true}]}}