{"id":1960,"date":"2024-10-26T08:29:22","date_gmt":"2024-10-26T08:29:22","guid":{"rendered":"https:\/\/goodmoodmeals.com\/zahlungen\/"},"modified":"2024-11-01T15:51:20","modified_gmt":"2024-11-01T15:51:20","slug":"zahlungen","status":"publish","type":"page","link":"https:\/\/goodmoodmeals.com\/de\/zahlungen\/","title":{"rendered":"Zahlungen"},"content":{"rendered":"\n<h2 class=\"wp-block-heading\"><strong>Zahlungsbedingungen<\/strong><\/h2>\n\n<p><strong>Zahlungsbedingungen<\/strong><\/p>\n\n<ol class=\"wp-block-list\">\n<li><strong>Akzeptierte Zahlungsmethoden<\/strong><br\/>Unsere E-Commerce-Website akzeptiert die wichtigsten Kreditkarten, Debitkarten und andere sichere Zahlungsoptionen, die von EveryPay, einem Gateway der SEB Bank, bereitgestellt werden. Alle Transaktionen werden in der lokalen W\u00e4hrung abgewickelt, wie an der Kasse angegeben. <\/li>\n\n\n\n<li><strong>Zahlungsabwicklung<\/strong><br\/>Zahlungen werden nach der Auftragsbest\u00e4tigung sicher \u00fcber EveryPay abgewickelt. Die sichere Verschl\u00fcsselung von EveryPay und der Schutz vor Betrug, der von der SEB Bank unterst\u00fctzt wird, gew\u00e4hrleisten den Datenschutz und die Sicherheit aller Transaktionen. <\/li>\n\n\n\n<li><strong>Fehlgeschlagene oder abgelehnte Zahlungen<\/strong><br\/>Wenn eine Zahlung abgelehnt wird, werden Sie benachrichtigt und aufgefordert, Ihre Zahlungsmethode zu aktualisieren. Bestellungen mit fehlgeschlagenen Zahlungen werden automatisch storniert, wenn nicht innerhalb von 48 Stunden eine L\u00f6sung gefunden wird. <\/li>\n\n\n\n<li><strong>Richtigkeit der Rechnungs- und Kontodaten<\/strong><br\/>Sie verpflichten sich, korrekte Rechnungsdaten anzugeben und diese auf dem neuesten Stand zu halten, einschlie\u00dflich Rechnungsadresse, Zahlungsmethode und Kontaktinformationen. Jegliche Unstimmigkeiten k\u00f6nnen zu Verz\u00f6gerungen oder Stornierungen Ihrer Bestellung f\u00fchren. <\/li>\n\n\n\n<li><strong>Sicherheit und Datenschutz<\/strong><br\/>EveryPay verwendet sichere Technologien zum Schutz Ihrer Zahlungsdaten. Wir speichern keine Kreditkarteninformationen auf unseren Servern, und alle Transaktionen entsprechen den geltenden Datenschutzstandards. <\/li>\n\n\n\n<li><strong>Kontaktieren Sie uns<\/strong><br\/>. Bei Fragen zur Bezahlung wenden Sie sich bitte an unseren Kundenservice unter <a href=\"mailto:info@goodmoodmeals.com\">info@goodmoodmeals.com.<\/a><\/li>\n<\/ol>\n\n<ul class=\"wp-block-list\">\n<li>Kreditkarte<\/li>\n\n\n\n<li>PayPal<\/li>\n\n\n\n<li>Apple Pay<\/li>\n\n\n\n<li>Bank\u00fcberweisung (Vorauszahlung)<\/li>\n<\/ul>\n\n<p><strong>Details zur Bank\u00fcberweisung:<\/strong><\/p>\n\n<p>Kontoinhaber: JSC &#8222;ROGA-AGRO&#8220;<br\/>Adresse: LV2169 Salaspils, Salaspils<\/p>\n\n<p>Indem Sie eine Transaktion auf unserer Website abschlie\u00dfen, erkl\u00e4ren Sie sich mit diesen Zahlungsbedingungen einverstanden.<\/p>\n\n<p><\/p>\n","protected":false},"excerpt":{"rendered":"<p>Zahlungsbedingungen Zahlungsbedingungen Details zur Bank\u00fcberweisung: Kontoinhaber: JSC &#8222;ROGA-AGRO&#8220;Adresse: LV2169 Salaspils, Salaspils Indem Sie eine Transaktion auf unserer Website abschlie\u00dfen, erkl\u00e4ren Sie sich mit diesen Zahlungsbedingungen einverstanden.<\/p>\n","protected":false},"author":1,"featured_media":0,"parent":0,"menu_order":0,"comment_status":"closed","ping_status":"closed","template":"","meta":{"footnotes":""},"class_list":["post-1960","page","type-page","status-publish","hentry"],"_links":{"self":[{"href":"https:\/\/goodmoodmeals.com\/de\/wp-json\/wp\/v2\/pages\/1960","targetHints":{"allow":["GET"]}}],"collection":[{"href":"https:\/\/goodmoodmeals.com\/de\/wp-json\/wp\/v2\/pages"}],"about":[{"href":"https:\/\/goodmoodmeals.com\/de\/wp-json\/wp\/v2\/types\/page"}],"author":[{"embeddable":true,"href":"https:\/\/goodmoodmeals.com\/de\/wp-json\/wp\/v2\/users\/1"}],"replies":[{"embeddable":true,"href":"https:\/\/goodmoodmeals.com\/de\/wp-json\/wp\/v2\/comments?post=1960"}],"version-history":[{"count":0,"href":"https:\/\/goodmoodmeals.com\/de\/wp-json\/wp\/v2\/pages\/1960\/revisions"}],"wp:attachment":[{"href":"https:\/\/goodmoodmeals.com\/de\/wp-json\/wp\/v2\/media?parent=1960"}],"curies":[{"name":"wp","href":"https:\/\/api.w.org\/{rel}","templated":true}]}}