{"id":1953,"date":"2024-10-26T13:58:31","date_gmt":"2024-10-26T13:58:31","guid":{"rendered":"https:\/\/goodmoodmeals.com\/datenschutzbestimmungen\/"},"modified":"2024-11-01T15:44:31","modified_gmt":"2024-11-01T15:44:31","slug":"datenschutzbestimmungen","status":"publish","type":"page","link":"https:\/\/goodmoodmeals.com\/de\/datenschutzbestimmungen\/","title":{"rendered":"Datenschutzbestimmungen"},"content":{"rendered":"\n<hr class=\"wp-block-separator has-alpha-channel-opacity\"\/>\n\n<p><strong>Datenschutzbestimmungen<\/strong><\/p>\n\n<p>Ihre Privatsph\u00e4re ist uns wichtig!<\/p>\n\n<p>Unser Ziel ist es, dass Sie sich sicher f\u00fchlen, wenn Sie Ihre pers\u00f6nlichen Daten mit uns teilen. Zweck dieser Datenschutzrichtlinie ist es, Sie als betroffene Person \u00fcber Zweck, Umfang, Schutz und Dauer der Verarbeitung personenbezogener Daten zum Zeitpunkt der Datenerhebung und w\u00e4hrend der Verarbeitung Ihrer personenbezogenen Daten zu informieren. <\/p>\n\n<p>Au\u00dferdem m\u00f6chten wir Ihnen versichern, dass wir die notwendigen Ma\u00dfnahmen ergreifen, um die Sicherheit Ihrer pers\u00f6nlichen Daten zu gew\u00e4hrleisten und dass ihre Verarbeitung in \u00dcbereinstimmung mit den geltenden Datenschutzgesetzen erfolgt. Wir haben einen Datenschutzbeauftragten ernannt, der f\u00fcr die \u00dcberwachung der Einhaltung dieser Gesetze verantwortlich ist. <\/p>\n\n<p>Alles, was Sie tun m\u00fcssen, ist, genaue Daten zu \u00fcbermitteln, damit wir Ihre Bestellung im Online-Shop von Good Mood Meals bearbeiten und liefern k\u00f6nnen.<\/p>\n\n<p>In dieser Datenschutzrichtlinie finden Sie Informationen dar\u00fcber, welche personenbezogenen Daten wir sammeln und verarbeiten, zu welchem Zweck, wie lange wir sie aufbewahren und andere wichtige Informationen. Wir laden Sie ein, die Bedingungen dieser Richtlinie zu lesen, bevor Sie uns Ihre pers\u00f6nlichen Daten zur Verf\u00fcgung stellen. Bitte beachten Sie auch, dass die Bedingungen \u00c4nderungen und Aktualisierungen unterliegen k\u00f6nnen.  <\/p>\n\n<p>Wenn Sie diese Bedingungen und diese Datenschutzrichtlinie nicht akzeptieren, k\u00f6nnen wir Ihnen leider nicht alle oder einige unserer Dienste (im Folgenden &#8211; Dienste) zur Verf\u00fcgung stellen.<\/p>\n\n<p>Mit der Registrierung auf der Website <a href=\"http:\/\/www.goodmoodmeals.com\/\">www.goodmoodmeals.com<\/a> vertrauen Sie A\/S Roga-Agro (Registrierungsnummer 40003101668, juristische Adresse: L\u012bvzemes iela 11\/13, Salaspils, Salaspils novads, LV-2169, Lettland) als den f\u00fcr die Datenverarbeitung Verantwortlichen (im Folgenden &#8211; das Unternehmen oder wir oder der f\u00fcr die Datenverarbeitung Verantwortliche) mit der Verarbeitung Ihrer personenbezogenen Daten und gew\u00e4hren uns das Recht, diese Daten gem\u00e4\u00df dieser Richtlinie (im Folgenden &#8211; Richtlinie) und den Bedingungen des Kaufvertrags &#8222;Local top! e-store&#8220; (im Folgenden &#8211; Bedingungen) zu verarbeiten. Wir informieren Sie dar\u00fcber, dass wir Ihre personenbezogenen Daten nur dann verarbeiten, wenn Sie sich daf\u00fcr entscheiden, sie uns zur Verf\u00fcgung zu stellen. <\/p>\n\n<p><strong>Was sind personenbezogene Daten, welche personenbezogenen Daten verarbeiten wir, und warum?<\/strong><\/p>\n\n<p><em>Anmeldung<\/em><\/p>\n\n<p>Personenbezogene Daten sind alle Informationen, die sich auf eine identifizierte oder identifizierbare nat\u00fcrliche Person (&#8222;betroffene Person&#8220;) beziehen; als identifizierbar wird eine nat\u00fcrliche Person angesehen, die direkt oder indirekt identifiziert werden kann, insbesondere durch Zuordnung zu einer Kennung wie einem Namen, zu einer Kennnummer, zu Standortdaten, zu einer Online-Kennung oder zu einem oder mehreren besonderen Merkmalen, die Ausdruck der physischen, physiologischen, genetischen, psychischen, wirtschaftlichen, kulturellen oder sozialen Identit\u00e4t dieser Person sind.<\/p>\n\n<p>Wenn Sie sich auf der Website <a href=\"http:\/\/www.goodmoodmeals.com\/\">www.goodmoodmeals.com<\/a> registrieren <a href=\"http:\/\/www.goodmoodmeals.com\/\">,<\/a> m\u00fcssen Sie die Nutzungsbedingungen der Website akzeptieren (dem Vertrag zustimmen). Die Angabe Ihrer pers\u00f6nlichen Daten ist obligatorisch, da Sie andernfalls den Vertrag nicht abschlie\u00dfen und unsere Dienste nicht nutzen k\u00f6nnen. Durch Ihre Registrierung gehen Sie einen Vertrag ein und best\u00e4tigen, dass Ihre pers\u00f6nlichen Daten korrekt sind und dass Sie mindestens 18 Jahre alt sind. Wir sind nicht verantwortlich f\u00fcr ungenaue, unvollst\u00e4ndige oder falsche pers\u00f6nliche Daten, die Sie uns zur Verf\u00fcgung stellen. Wenn Sie die Daten einer anderen Person angeben, beh\u00e4lt sich A\/S Roga-Agro das Recht vor, Sie im Falle von Anspr\u00fcchen in Regress zu nehmen.    <\/p>\n\n<p>F\u00fcr das Abkommen erforderliche Daten:<\/p>\n\n<ul class=\"wp-block-list\">\n<li><strong>Datenkategorien<\/strong>: Ihr Vorname, Nachname, Adresse (Ort, Stra\u00dfe oder Hausnummer, Wohnungsnummer), E-Mail-Adresse und Telefonnummer.<\/li>\n\n\n\n<li><strong>Rechtsgrundlage f\u00fcr die Datenverarbeitung<\/strong>: Der Abschluss und die Erf\u00fcllung des Vertrags, an dem Sie beteiligt sind, und die Wahrung unserer berechtigten Interessen.<\/li>\n\n\n\n<li><strong>Laufzeit der Datenverarbeitung<\/strong>: Der gesamte Zeitraum, in dem der Vertrag g\u00fcltig ist und Sie unsere Dienste nutzen. Wir sind berechtigt, Belege f\u00fcr den Vertrag und damit verbundene Aufzeichnungen l\u00e4nger aufzubewahren, bis Anspr\u00fcche aus den vertraglichen Verpflichtungen erl\u00f6schen oder wenn dies zum Schutz unserer berechtigten Interessen gegen Anspr\u00fcche, Einw\u00e4nde oder Forderungen erforderlich ist. <\/li>\n<\/ul>\n\n<p>Auf der Grundlage Ihrer pers\u00f6nlichen Daten, die Sie bei der Registrierung auf <a href=\"http:\/\/www.goodmoodmeals.com\/\">www.goodmoodmeals.com<\/a> angegeben haben <a href=\"http:\/\/www.goodmoodmeals.com\/\">,<\/a> wird nach Abschluss der Vereinbarung ein eindeutiges Benutzerprofil (Konto) erstellt, das es uns erm\u00f6glicht, Sie als registrierten Benutzer der Website zu identifizieren und Ihnen die in der Vereinbarung und in dieser Richtlinie beschriebenen Dienstleistungen anzubieten.<\/p>\n\n<p>Wir erkennen Sie anhand der von Ihnen zur Verf\u00fcgung gestellten personenbezogenen Daten, wenn Sie z.B. Ihre Daten aktualisieren oder \u00e4ndern m\u00f6chten, sich mit uns bez\u00fcglich der zur Verf\u00fcgung gestellten personenbezogenen Daten in Verbindung setzen oder Ihre Rechte im Zusammenhang mit der Verarbeitung personenbezogener Daten aus\u00fcben m\u00f6chten usw.<\/p>\n\n<p><strong>Ihr Konto Verwaltung<\/strong><\/p>\n\n<p>Wir verarbeiten Ihre pers\u00f6nlichen Daten, um Ihr Konto zu \u00fcberwachen und zu verwalten.<\/p>\n\n<p><em>Kontodaten<\/em><\/p>\n\n<ul class=\"wp-block-list\">\n<li><strong>Datenkategorien<\/strong>: Daten, die bei der Registrierung (auf <a href=\"http:\/\/www.goodmoodmeals.com\/\">www.goodmoodmeals.com)<\/a> angegeben werden, Konto-Login-Daten, Kontoaktivit\u00e4ten, einschlie\u00dflich technischer Browsing-Daten (IP-Adresse, Verbindung und technische Browsing-Informationen).<\/li>\n\n\n\n<li><strong>Rechtsgrundlage f\u00fcr die Datenverarbeitung<\/strong>: Der Vertrag und das erstellte Konto zur Erf\u00fcllung vertraglicher Verpflichtungen und zur Wahrung unserer berechtigten Interessen.<\/li>\n\n\n\n<li><strong>Laufzeit der Datenverarbeitung<\/strong>: Der gesamte Zeitraum, in dem Sie ein Kontonutzer sind. Der Nachweis des Vertragsabschlusses kann l\u00e4nger aufbewahrt werden, wenn dies zur Verteidigung gegen Anspr\u00fcche, Einw\u00e4nde oder Forderungen erforderlich ist. <\/li>\n<\/ul>\n\n<p><strong>Verarbeitung Ihrer Kaufdaten<\/strong><\/p>\n\n<p>Um Ihnen Dienstleistungen und verschiedene Vorteile zu bieten &#8211; Abschluss und Erf\u00fcllung von vertraglichen Verpflichtungen, Entgegennahme von Zahlungen f\u00fcr Waren, Erstattung (wenn Sie gekaufte Artikel zur\u00fcckgeben), Gew\u00e4hrung von Rabatten usw. &#8211; verarbeiten wir neben den Registrierungsdaten auch Daten im Zusammenhang mit Ihren Kauftransaktionen (im Folgenden &#8211; Kaufdaten) und stellen Ihnen Buchhaltungsunterlagen gem\u00e4\u00df den gesetzlichen Bestimmungen der Republik Lettland aus. <\/p>\n\n<p><em>Einkaufsdaten f\u00fcr die Serviceverwaltung<\/em><\/p>\n\n<ul class=\"wp-block-list\">\n<li><strong>Datenkategorien<\/strong>: Ihr Name, Vorname, E-Mail-Adresse, Telefonnummer, Lieferadresse, Unterschrift (wenn Sie die Ware pers\u00f6nlich annehmen), Kauf- und Lieferdatum und -zeit, Produktnamen, Mengen, Kaufpreise und angewandte Rabatte, Zahlungsmethode und Zahlungsinformationen.<\/li>\n\n\n\n<li><strong>Rechtsgrundlage f\u00fcr die Datenverarbeitung<\/strong>: Der Vertrag und das erstellte Konto zur Erf\u00fcllung vertraglicher Verpflichtungen, zum Schutz berechtigter Interessen und zur Erf\u00fcllung gesetzlicher Verpflichtungen.<\/li>\n\n\n\n<li><strong>Laufzeit der Datenverarbeitung<\/strong>: Buchhaltungsunterlagen &#8211; 5 Jahre ab dem Datum des Kaufs und der Unterschrift auf dem Lieferschein. Der Vertrag mit Ihnen und die zugeh\u00f6rigen Buchhaltungsunterlagen k\u00f6nnen l\u00e4nger aufbewahrt werden, bis Anspr\u00fcche aus vertraglichen Verpflichtungen verj\u00e4hrt sind oder wenn dies zum Schutz unserer berechtigten Interessen gegen Anspr\u00fcche, Einw\u00e4nde oder Forderungen erforderlich ist. <\/li>\n<\/ul>\n\n<p><strong>Angebote und Informationsbereitstellung<\/strong><\/p>\n\n<p>Wenn Sie bei der Registrierung auf der Website <a href=\"http:\/\/www.goodmoodmeals.com\/\">www.goodmoodmeals.com<\/a> zugestimmt haben, von uns Angebote und\/oder aktuelle Angebote per E-Mail oder SMS-Updates auf Ihr Telefon zu erhalten, verarbeiten wir Ihre personenbezogenen Daten, um Ihnen solche Angebote und Informationen zukommen zu lassen, einschlie\u00dflich allgemeiner Newsletter, Informationen \u00fcber unsere Angebote und die unserer Partner, Rabatte, Verk\u00e4ufe, Einladungen zur Teilnahme an Aktionen, Verlosungen und Gewinnspielen, die Bitte um Ihr Feedback zu unseren Dienstleistungen und Produkten usw. Wir werden Ihnen Angebote und Informationen in Ihrem Konto oder auf andere Weise, die Sie bevorzugen, zur Verf\u00fcgung stellen, z.B. per E-Mail oder SMS an die von Ihnen angegebene Telefonnummer. <\/p>\n\n<p><strong>Wie wir Daten speichern und vernichten<\/strong><\/p>\n\n<p>Nach Ablauf der in dieser Richtlinie dargelegten Datenverarbeitungs- und Aufbewahrungsfrist werden wir Dokumente, die Ihre personenbezogenen Daten enthalten, sicher vernichten oder, sofern in der Richtlinie angegeben, sicher und unwiderruflich anonymisieren.<\/p>\n\n<p><strong>Kontaktieren Sie uns<\/strong><\/p>\n\n<ul class=\"wp-block-list\">\n<li>Per E-Mail: <a href=\"mailto:info@goodmoodmeals.com\">info@goodmoodmeals.com<\/a><\/li>\n\n\n\n<li>Per Telefon:  <code>+371 67981004<\/code><\/li>\n\n\n\n<li>Postkorrespondenz: L\u012bvzemes iela 11\/13, Salaspils, LV-2169, Lettland. Bitte richten Sie den Brief an A\/S Roga-Agro Administration. <\/li>\n<\/ul>\n\n<p><\/p>\n","protected":false},"excerpt":{"rendered":"<p>Datenschutzbestimmungen Ihre Privatsph\u00e4re ist uns wichtig! Unser Ziel ist es, dass Sie sich sicher f\u00fchlen, wenn Sie Ihre pers\u00f6nlichen Daten mit uns teilen. Zweck dieser Datenschutzrichtlinie ist es, Sie als betroffene Person \u00fcber Zweck, Umfang, Schutz und Dauer der Verarbeitung personenbezogener Daten zum Zeitpunkt der Datenerhebung und w\u00e4hrend der Verarbeitung Ihrer personenbezogenen Daten zu informieren. [&#8230;]\n","protected":false},"author":1,"featured_media":0,"parent":0,"menu_order":0,"comment_status":"closed","ping_status":"closed","template":"","meta":{"footnotes":""},"class_list":["post-1953","page","type-page","status-publish","hentry"],"_links":{"self":[{"href":"https:\/\/goodmoodmeals.com\/de\/wp-json\/wp\/v2\/pages\/1953","targetHints":{"allow":["GET"]}}],"collection":[{"href":"https:\/\/goodmoodmeals.com\/de\/wp-json\/wp\/v2\/pages"}],"about":[{"href":"https:\/\/goodmoodmeals.com\/de\/wp-json\/wp\/v2\/types\/page"}],"author":[{"embeddable":true,"href":"https:\/\/goodmoodmeals.com\/de\/wp-json\/wp\/v2\/users\/1"}],"replies":[{"embeddable":true,"href":"https:\/\/goodmoodmeals.com\/de\/wp-json\/wp\/v2\/comments?post=1953"}],"version-history":[{"count":0,"href":"https:\/\/goodmoodmeals.com\/de\/wp-json\/wp\/v2\/pages\/1953\/revisions"}],"wp:attachment":[{"href":"https:\/\/goodmoodmeals.com\/de\/wp-json\/wp\/v2\/media?parent=1953"}],"curies":[{"name":"wp","href":"https:\/\/api.w.org\/{rel}","templated":true}]}}