{"id":1937,"date":"2024-11-01T09:49:58","date_gmt":"2024-11-01T09:49:58","guid":{"rendered":"https:\/\/goodmoodmeals.com\/cookie-richtlinie\/"},"modified":"2024-11-01T15:44:30","modified_gmt":"2024-11-01T15:44:30","slug":"cookie-richtlinie","status":"publish","type":"page","link":"https:\/\/goodmoodmeals.com\/de\/cookie-richtlinie\/","title":{"rendered":"Cookie-Richtlinie"},"content":{"rendered":"\n<hr class=\"wp-block-separator has-alpha-channel-opacity\"\/>\n\n<p><strong>1. Allgemeine Begriffe<\/strong><\/p>\n\n<p>Die Aktiengesellschaft &#8222;Roga-Agro&#8220; (Reg. 40003101668) mit Sitz in 11\/13 Livzemes iela, Salaspils, Salaspils novads, LV-2169, E-Mail: <a>info@goodmoodmeals.com,<\/a> Website: <a href=\"https:\/\/www.goodmoodmeals.com\">https:\/\/www.goodmoodmeals.com<\/a> (im Folgenden als &#8222;Gesellschaft&#8220; bezeichnet), verpflichtet sich, die Sicherheit ihrer Website <a href=\"https:\/\/www.goodmoodmeals.com\">https:\/\/www.goodmoodmeals.com<\/a> (im Folgenden als &#8222;Site&#8220; bezeichnet) zu sch\u00fctzen sowie die pers\u00f6nlichen Daten und Rechte ihrer Besucher zu wahren.<\/p>\n\n<p>Diese Cookie-Richtlinie soll den Besuchern zus\u00e4tzliche Informationen \u00fcber die auf der Website verwendeten Technologien und deren Verwendung durch das Unternehmen geben.<\/p>\n\n<p><strong>2. Informationen \u00fcber Cookies<\/strong><\/p>\n\n<p>Cookies sind kleine alphanumerische Dateien, die \u00fcber Ihren Webbrowser auf Ihr Ger\u00e4t (z. B. Computer, Smartphone, Tablet) heruntergeladen und dort gespeichert werden, wenn Sie eine Website besuchen. Diese Dateien k\u00f6nnen die besuchten Seiten nachverfolgen, eingegebene Informationen speichern oder Pr\u00e4ferenzen wie Spracheinstellungen speichern. <\/p>\n\n<p><strong>3. Zweck und Rechtsgrundlage f\u00fcr Cookies<\/strong><\/p>\n\n<p>Cookies erleichtern die Nutzung unserer digitalen Dienste, wie z.B. Online-Zahlungen, geben Aufschluss dar\u00fcber, wie Besucher unsere Website nutzen, und helfen uns, die von uns angebotenen Dienste zu verbessern.<\/p>\n\n<p>Wir verwenden verschiedene Arten von Cookies, darunter &#8222;erforderliche&#8220; Cookies, die standardm\u00e4\u00dfig aktiviert sind.<\/p>\n\n<p><strong>4. Arten von Cookies und ihre Verwendung<\/strong><\/p>\n\n<p>Wir verwenden nur wichtige Cookies. Wenn Sie eine bestimmte Kategorie von Cookies akzeptieren, stimmen Sie allen Cookies dieser Kategorie zu (siehe die detaillierte Liste der Cookies unten). <\/p>\n\n<p><strong>Erforderliche Cookies<\/strong><\/p>\n\n<p>Streng notwendige Cookies sind f\u00fcr den Zugriff auf verschiedene Teile der Website unerl\u00e4sslich. Diese Cookies werden w\u00e4hrend Ihres Besuchs auf Ihrem Ger\u00e4t gespeichert und automatisch als Reaktion auf Aktionen wie die Einstellung von Datenschutzeinstellungen, die Anmeldung oder das Ausf\u00fcllen von Formularen gesetzt. Diese Cookies sind f\u00fcr den Betrieb der Website erforderlich und bed\u00fcrfen daher nicht der Zustimmung des Benutzers.  <\/p>\n\n<p><strong>5. Einverst\u00e4ndnis f\u00fcr Cookies<\/strong><\/p>\n\n<p>Wenn Sie diese Website besuchen, erscheint ein Hinweis, dass Cookies verwendet werden. Wenn Sie &#8222;Ich stimme zu&#8220; w\u00e4hlen, best\u00e4tigen Sie, dass Sie die Informationen \u00fcber Cookies und deren Zweck gelesen haben und deren Verwendung auf der Website akzeptieren. <\/p>\n\n<p><strong>6. Ablehnen von Cookies<\/strong><\/p>\n\n<p>&#8222;Notwendige&#8220; Cookies bed\u00fcrfen keiner Zustimmung, da sie die vollst\u00e4ndige und ununterbrochene Anzeige des Inhalts der Website gew\u00e4hrleisten und es Ihnen erm\u00f6glichen, sich einzuloggen und ein relevantes Surferlebnis zu genie\u00dfen.<\/p>\n\n<p><strong>7. Entzug der Zustimmung<\/strong><\/p>\n\n<p>Sie k\u00f6nnen alle Cookies ablehnen. Weitere Informationen zum L\u00f6schen von Cookies finden Sie unter: <a href=\"https:\/\/www.aboutcookies.org\">https:\/\/www.aboutcookies.org.<\/a> <\/p>\n\n<p><strong>8. \u00c4nderungen der Politik<\/strong><\/p>\n\n<p>Bei Fragen zur Verarbeitung personenbezogener Daten konsultieren Sie bitte die Datenschutzrichtlinie des Unternehmens unter <a href=\"https:\/\/goodmoodmeals.com\/privacy-policy\/\">https:\/\/goodmoodmeals.com\/privacy-policy.<\/a><\/p>\n\n<p>Das Unternehmen beh\u00e4lt sich das Recht vor, diese Cookie-Richtlinie jederzeit zu \u00e4ndern. Alle Aktualisierungen werden auf <a href=\"https:\/\/www.goodmoodmeals.com\">https:\/\/www.goodmoodmeals.com<\/a> ver\u00f6ffentlicht <a href=\"https:\/\/www.goodmoodmeals.com\">.<\/a> <\/p>\n","protected":false},"excerpt":{"rendered":"<p>1. Allgemeine Begriffe Die Aktiengesellschaft &#8222;Roga-Agro&#8220; (Reg. 40003101668) mit Sitz in 11\/13 Livzemes iela, Salaspils, Salaspils novads, LV-2169, E-Mail: info@goodmoodmeals.com, Website: https:\/\/www.goodmoodmeals.com (im Folgenden als &#8222;Gesellschaft&#8220; bezeichnet), verpflichtet sich, die Sicherheit ihrer Website https:\/\/www.goodmoodmeals.com (im Folgenden als &#8222;Site&#8220; bezeichnet) zu sch\u00fctzen sowie die pers\u00f6nlichen Daten und Rechte ihrer Besucher zu wahren. Diese Cookie-Richtlinie soll den [&#8230;]\n","protected":false},"author":1,"featured_media":0,"parent":0,"menu_order":0,"comment_status":"closed","ping_status":"closed","template":"","meta":{"footnotes":""},"class_list":["post-1937","page","type-page","status-publish","hentry"],"_links":{"self":[{"href":"https:\/\/goodmoodmeals.com\/de\/wp-json\/wp\/v2\/pages\/1937","targetHints":{"allow":["GET"]}}],"collection":[{"href":"https:\/\/goodmoodmeals.com\/de\/wp-json\/wp\/v2\/pages"}],"about":[{"href":"https:\/\/goodmoodmeals.com\/de\/wp-json\/wp\/v2\/types\/page"}],"author":[{"embeddable":true,"href":"https:\/\/goodmoodmeals.com\/de\/wp-json\/wp\/v2\/users\/1"}],"replies":[{"embeddable":true,"href":"https:\/\/goodmoodmeals.com\/de\/wp-json\/wp\/v2\/comments?post=1937"}],"version-history":[{"count":0,"href":"https:\/\/goodmoodmeals.com\/de\/wp-json\/wp\/v2\/pages\/1937\/revisions"}],"wp:attachment":[{"href":"https:\/\/goodmoodmeals.com\/de\/wp-json\/wp\/v2\/media?parent=1937"}],"curies":[{"name":"wp","href":"https:\/\/api.w.org\/{rel}","templated":true}]}}