{"id":1920,"date":"2024-10-24T17:45:24","date_gmt":"2024-10-24T14:45:24","guid":{"rendered":"https:\/\/goodmoodmeals.com\/bedingungen-und-konditionen\/"},"modified":"2026-03-29T16:19:15","modified_gmt":"2026-03-29T13:19:15","slug":"bedingungen-und-konditionen","status":"publish","type":"page","link":"https:\/\/goodmoodmeals.com\/de\/bedingungen-und-konditionen\/","title":{"rendered":"Bedingungen und Konditionen"},"content":{"rendered":"\n\n\n<h2 class=\"wp-block-heading\"><strong>Allgemeine Gesch\u00e4ftsbedingungen und Kundeninformationen<\/strong><\/h2>\n\n\n\n<p><strong>Der Verk\u00e4ufer<\/strong> &#8211; der Inhaber der Online-Handelsplattform www.goodmoodmeals.com, im Folgenden &#8222;Online-Shop&#8220; genannt, sowie aller damit verbundenen Rechte, ist JSC &#8222;ROGA-AGRO&#8220;, Registrierungsnummer 40003101668, mit der Rechts- und Postanschrift 11\/13 L\u012bvzemes iela, Salaspils, Salaspils novads, LV-2169. Im Rahmen seiner Gesch\u00e4ftst\u00e4tigkeit bietet und verkauft der Verk\u00e4ufer dem K\u00e4ufer im Rahmen dieses Fernabsatzvertrags, im Folgenden als &#8222;Vertrag&#8220; bezeichnet, Waren. <\/p>\n\n\n\n<p class=\"has-text-align-left\"><strong>Identit\u00e4t des Verk\u00e4ufers<\/strong><\/p>\n\n\n\n<ul class=\"wp-block-list\">\n<li>JSC &#8222;ROGA-AGRO&#8220;<\/li>\n\n\n\n<li>Livzemes iela 11\/13<\/li>\n\n\n\n<li>LV2169 Salaspils, Salaspils novads, Lettland  <\/li>\n\n\n\n<li>Telefon: +371 27026200<\/li>\n\n\n\n<li>E-Mail: <a>info@goodmoodmeals.com<\/a><\/li>\n<\/ul>\n\n\n\n<p><strong>Der K\u00e4ufer<\/strong> &#8211; eine gesch\u00e4ftsf\u00e4hige Person, die sich im Online Shop registriert hat und eine Bestellung aufgibt. Mit der Registrierung best\u00e4tigt der K\u00e4ufer, dass er rechtsf\u00e4hig ist und im Online-Shop einkaufen kann. <\/p>\n\n\n\n<p><strong>Der Vertrag<\/strong> gilt als abgeschlossen, wenn der K\u00e4ufer eine Bestellung aufgibt und die Zahlung f\u00fcr die Waren gem\u00e4\u00df diesen Bedingungen leistet.<\/p>\n\n\n\n<p><strong>Der Verk\u00e4ufer<\/strong> beh\u00e4lt sich das Recht vor, die Bedingungen des Vertrages einseitig zu \u00e4ndern oder zu erg\u00e4nzen. Der K\u00e4ufer ist an die zum Zeitpunkt der Bestellung geltende Fassung des Vertrags gebunden. <\/p>\n\n\n\n<p><strong>Der Verk\u00e4ufer<\/strong> beh\u00e4lt sich das Recht vor, den Zugang des K\u00e4ufers zum Online-Shop einzuschr\u00e4nken oder seine Registrierung ohne vorherige Ank\u00fcndigung zu l\u00f6schen, wenn der Verk\u00e4ufer der Meinung ist, dass der K\u00e4ufer gegen die Vertragsbedingungen verst\u00f6\u00dft oder versto\u00dfen k\u00f6nnte oder versucht, den Verk\u00e4ufer, die Funktionalit\u00e4t oder Sicherheit des Online-Shops oder Dritte zu sch\u00e4digen.<\/p>\n\n\n\n<p><strong>Mit der Aufgabe einer Bestellung<\/strong> best\u00e4tigt der K\u00e4ufer, dass er diesen Vertrag und die darin enthaltenen Bedingungen gelesen und verstanden hat und diese vollst\u00e4ndig akzeptiert. Der K\u00e4ufer verpflichtet sich, die Vertragsbedingungen bei jedem Kauf zu \u00fcberpr\u00fcfen. Wenn der K\u00e4ufer die Vertragsbedingungen nicht gelesen hat oder ihnen nicht zustimmt, ist er nicht berechtigt, Waren im Online Shop zu bestellen.  <\/p>\n\n\n\n<h2 class=\"wp-block-heading\"><strong>Waren bestellen<\/strong><\/h2>\n\n\n\n<p>Wenn Sie eine Bestellung aufgeben, m\u00fcssen Sie die Adresse, den Namen und die Telefonnummer des Empf\u00e4ngers angeben;<\/p>\n\n\n\n<p>Mit seiner Bestellung best\u00e4tigt der K\u00e4ufer, dass er sich f\u00fcr den Kauf der Waren zu den in diesem Vertrag festgelegten Bedingungen entschieden hat;<\/p>\n\n\n\n<p>Mit der Aufgabe einer Bestellung best\u00e4tigt der Kunde, dass er mindestens 18 Jahre alt ist und die Bedingungen des Fernabsatzvertrags gelesen und akzeptiert hat;<\/p>\n\n\n\n<h2 class=\"wp-block-heading\"><strong>Preis, Lieferkosten und Zahlungsmodalit\u00e4ten<\/strong><\/h2>\n\n\n\n<p>Die Preise der Waren in der Bestellung im Online Shop sind in Euro (EUR) inklusive Mehrwertsteuer angegeben. Die Waren werden dem Kunden zu dem Preis verkauft, der zum Zeitpunkt der Bestellung im Online Shop gilt; <\/p>\n\n\n\n<p>Der K\u00e4ufer muss die Waren und die Lieferung sofort nach der Bestellung mit einem der im Online-Shop angegebenen Zahlungssysteme bezahlen;<\/p>\n\n\n\n<p>Der K\u00e4ufer bezahlt die bestellten Waren und die Lieferung zum Zeitpunkt der Bestellung oder per Vorauszahlung auf der Grundlage der erhaltenen Rechnung. Erst nach Eingang der Zahlung f\u00fcr die Waren und die Lieferung wird die Bestellung ausgef\u00fchrt und das Lieferdatum festgelegt. Die Zahlung gilt als erfolgt, wenn der gesamte Zahlungsbetrag auf dem in den Zahlungsbedingungen angegebenen Bankkonto des Verk\u00e4ufers eingegangen ist. Der Preis f\u00fcr die Waren und die Lieferung enth\u00e4lt die Mehrwertsteuer;   <\/p>\n\n\n\n<p>Die Preise f\u00fcr die Lieferkosten, wie sie im Online-Shop angegeben sind, gelten zum Zeitpunkt der Bestellung der Waren. Der Bestellbetrag, der sich aus dem Preis der Waren und den Lieferkosten zusammensetzt, wird dem K\u00e4ufer w\u00e4hrend des Bestellvorgangs zur Verf\u00fcgung gestellt, bevor die Bestellung best\u00e4tigt wird. <\/p>\n\n\n\n<h2 class=\"wp-block-heading\"><strong>Lieferung<\/strong><\/h2>\n\n\n\n<p>Ihre Bestellungen werden an Werktagen von M &#8211; F 10:00 &#8211; 17:00 bearbeitet.<\/p>\n\n\n\n<p>Wenn wir die von Ihnen bestellte Ware auf Lager haben, erhalten Sie Ihre Bestellung innerhalb von 2-10 Arbeitstagen.<\/p>\n\n\n\n<p>Sollte die von Ihnen bestellte Ware nicht vorr\u00e4tig sein, werden wir Sie kontaktieren, um Sie \u00fcber die n\u00e4chstm\u00f6gliche Lieferzeit zu informieren.<\/p>\n\n\n\n<p>Unsere Lieferpartner sind Omniva \/ DPD<\/p>\n\n\n\n<p>Unsere Lieferpreise gelten f\u00fcr Privatpersonen, die in unserem Online-Shop einkaufen.<\/p>\n\n\n\n<p>Die Waren werden nur innerhalb des vom Verk\u00e4ufer angegebenen Gebiets geliefert. Der Verk\u00e4ufer nimmt eine Bestellung nur an, wenn die vom K\u00e4ufer angegebene Lieferadresse innerhalb des angegebenen Gebiets liegt; <\/p>\n\n\n\n<p>Der Verk\u00e4ufer wird mit angemessener Sorgfalt daf\u00fcr sorgen, dass die Bestellung des K\u00e4ufers vollst\u00e4ndig erf\u00fcllt wird, kann dies jedoch nicht garantieren. Wenn der Shop die bestellten Waren nicht oder nicht in ausreichender Menge vorr\u00e4tig hat, beh\u00e4lt sich der Verk\u00e4ufer das Recht vor, die Waren nicht zu liefern oder eine geringere Menge zu liefern; <\/p>\n\n\n\n<p>Die vom K\u00e4ufer bestellten Waren werden an die in der Bestellung des K\u00e4ufers angegebene Adresse geliefert. Die in der Bestellung genannte Person muss die Waren selbst abholen. Wenn die bestellten Waren von einer anderen als der in der Bestellung genannten Person an der in der Bestellung angegebenen Adresse in Empfang genommen werden, wird davon ausgegangen, dass die in der Bestellung genannte Person die Bestellung erhalten hat. Der Verk\u00e4ufer haftet in keinem Fall f\u00fcr Sch\u00e4den, die dem K\u00e4ufer oder Dritten dadurch entstehen, dass der K\u00e4ufer eine falsche Lieferadresse oder unvollst\u00e4ndige Empf\u00e4ngerangaben angegeben hat oder die Ware an der Lieferadresse von einer anderen Person in Empfang genommen wird;   <\/p>\n\n\n\n<p>Wenn die Lieferung der Waren aufgrund eines Verschuldens des K\u00e4ufers oder aufgrund von Umst\u00e4nden, die der K\u00e4ufer nicht zu vertreten hat, nicht m\u00f6glich ist (der K\u00e4ufer hat eine falsche Adresse angegeben, der K\u00e4ufer oder die in der Bestellung angegebene Person ist unter der angegebenen Adresse nicht anzutreffen, die angegebene Adresse ist nicht erreichbar usw. objektive Gr\u00fcnde), werden die Waren nicht erneut versandt und das Geld f\u00fcr die Waren wird zur\u00fcckerstattet, mit Ausnahme der Lieferkosten und der Kosten f\u00fcr besch\u00e4digte Waren, wenn die Waren infolge der R\u00fccksendung besch\u00e4digt wurden. Wenn dem K\u00e4ufer zum Zeitpunkt der Bestellung ein Lieferrabatt gew\u00e4hrt wurde, die Lieferung der Waren jedoch aufgrund von Umst\u00e4nden, die sich der Kontrolle des Verk\u00e4ufers entziehen, nicht m\u00f6glich ist, beh\u00e4lt sich der Verk\u00e4ufer das Recht vor, die vollen Lieferkosten von dem dem K\u00e4ufer zu erstattenden Betrag abzuziehen; <\/p>\n\n\n\n<p>Der Verk\u00e4ufer liefert die Waren an den K\u00e4ufer innerhalb der im Online-Shop angegebenen Frist, wenn unterschiedliche Lieferfristen angeboten werden. Der K\u00e4ufer erkl\u00e4rt sich damit einverstanden, dass der Verk\u00e4ufer, falls sich die Lieferung der Waren aufgrund unvorhersehbarer Umst\u00e4nde, die au\u00dferhalb der Kontrolle des Verk\u00e4ufers liegen, verz\u00f6gert, mit dem K\u00e4ufer Kontakt aufnehmen und einen alternativen Liefertermin vereinbaren kann; <\/p>\n\n\n\n<p>Wenn der K\u00e4ufer bei der Lieferung feststellt, dass die Verpackung der Sendung besch\u00e4digt ist (zerrissenes Verpackungsetikett oder andere \u00e4u\u00dfere Sch\u00e4den), muss er am Tag des Empfangs der Ware ein Foto der besch\u00e4digten Ware machen. Beschreiben Sie die Unstimmigkeit in freier Form und senden Sie das Foto innerhalb von 5 Tag an <a href=\"mailto:info@goodmoodmeals.com\">info@goodmoodmeals.com.<\/a> Andernfalls wird davon ausgegangen, dass die Ware ohne Sch\u00e4den geliefert wurde. Der Verk\u00e4ufer pr\u00fcft die in der Meldung angegebenen Umst\u00e4nde innerhalb von 3 (drei) Werktagen nach Erhalt der E-Mail und setzt sich mit dem K\u00e4ufer in Verbindung, um eine L\u00f6sung f\u00fcr die Situation zu finden.<\/p>\n\n\n\n<p>Wenn der K\u00e4ufer den vorstehenden Absatz nicht einh\u00e4lt, haftet der Verk\u00e4ufer nicht f\u00fcr den vom K\u00e4ufer erlittenen Schaden.<\/p>\n\n\n\n<h2 class=\"wp-block-heading\"><strong>Erstattungen und R\u00fcckgaben  <\/strong><\/h2>\n\n\n\n<p>Der Verbraucher hat das Recht, den mit der Website <strong>goodmoodmeals.com<\/strong> geschlossenen Vertrag innerhalb von <strong>14 Tagen<\/strong> zu widerrufen. Diese Frist beginnt an dem Tag, an dem der Verbraucher die Waren erh\u00e4lt. <\/p>\n\n\n\n<p><strong>Vom R\u00fcckgaberecht ausgeschlossen sind<\/strong> jedoch Waren, die nach den spezifischen Anforderungen des Kunden, der Vertragspartei ist, angefertigt wurden.<\/p>\n\n\n\n<p>Wenn der K\u00e4ufer sich entscheidet, vom Vertrag zur\u00fcckzutreten, werden wir die vom Kunden geleisteten Zahlungen unverz\u00fcglich, sp\u00e4testens jedoch innerhalb von <strong>14 Tagen<\/strong> nach Erhalt der zur\u00fcckgesandten Waren, erstatten. Der K\u00e4ufer ist verpflichtet, die Ware, die er vom Verk\u00e4ufer erhalten hat, <strong>unverz\u00fcglich<\/strong>, sp\u00e4testens jedoch innerhalb von <strong>14 Tagen<\/strong> nach \u00dcbermittlung des Widerrufs zur\u00fcckzusenden. <\/p>\n\n\n\n<p>Wenn dem urspr\u00fcnglichen Kauf ein Werbe- oder Gratisprodukt beigef\u00fcgt war, muss es zusammen mit der gekauften Ware zur\u00fcckgegeben werden.<\/p>\n\n\n\n<p>Die Kosten f\u00fcr die R\u00fccksendung der Artikel liegen in der Verantwortung des Verbrauchers, und die R\u00fcckerstattung deckt nur den f\u00fcr das Produkt selbst bezahlten Betrag ab. Die Versandkosten und die Kosten f\u00fcr die Zahlungsabwicklung sind nicht erstattungsf\u00e4hig. <\/p>\n\n\n\n<p>Zur Aus\u00fcbung des R\u00fccktrittsrechts muss der K\u00e4ufer einen formlosen R\u00fccktrittsantrag per E-Mail an <strong>goodmoodmeals.com<\/strong> mit den folgenden Angaben stellen:<\/p>\n\n\n\n<ul class=\"wp-block-list\">\n<li>Name der bestellten oder zur\u00fcckgesandten Ware<\/li>\n\n\n\n<li>Datum, an dem die Bestellung aufgegeben wurde<\/li>\n\n\n\n<li>Datum, an dem die Bestellung eingegangen ist<\/li>\n\n\n\n<li>Vollst\u00e4ndiger Name des K\u00e4ufers<\/li>\n\n\n\n<li>Kontaktinformationen des K\u00e4ufers<\/li>\n<\/ul>\n\n\n\n<p>Zur\u00fcckgesandte Artikel m\u00fcssen sich in ungenutztem Zustand und in der Originalverpackung befinden. Wenn die Artikel zur \u00dcberpr\u00fcfung aus der Verpackung genommen wurden, d\u00fcrfen sie nicht verwendet worden sein und m\u00fcssen nur in einer Weise gepr\u00fcft werden, wie es in einem physischen Gesch\u00e4ft m\u00f6glich w\u00e4re. Artikel, die aus der Originalverpackung entnommen wurden, m\u00fcssen sorgf\u00e4ltig neu verpackt werden, um Sch\u00e4den w\u00e4hrend des R\u00fccksendevorgangs zu vermeiden. Die Erstattung f\u00fcr zur\u00fcckgesandte Artikel erfolgt innerhalb von 14 Tagen durch \u00dcberweisung auf das urspr\u00fcnglich f\u00fcr die Zahlung verwendete Bankkonto.<\/p>\n\n\n\n<p><strong>R\u00fccksendeadresse:<\/strong><\/p>\n\n\n\n<p>ROGA-AGRO<br>L\u012bvzemes iela 11\/13<br>LV2169 Salaspils, Lettland<\/p>\n\n\n\n<h2 class=\"wp-block-heading\"><strong>Zahlungsbedingungen<\/strong><\/h2>\n\n\n\n<p><strong>Verf\u00fcgbare Zahlungsarten:<\/strong><\/p>\n\n\n\n<ul class=\"wp-block-list\">\n<li>Kreditkarte<\/li>\n\n\n\n<li>PayPal<\/li>\n\n\n\n<li>Apple Pay<\/li>\n\n\n\n<li>Bank\u00fcberweisung (Vorauszahlung)<\/li>\n<\/ul>\n\n\n\n<p><strong>Details zur Bank\u00fcberweisung:<\/strong><\/p>\n\n\n\n<p>Kontoinhaber: JSC &#8222;ROGA-AGRO&#8220;<br>Adresse: LV2169 Salaspils, Salaspils novads, Lettland <br>Bank: SEB Bank Bankleitzahl: UNLALV2X<br>IBAN: LV22UNLA0033320466238<\/p>\n\n\n\n<h2 class=\"wp-block-heading\"><strong>Sonstige Bestimmungen<\/strong><\/h2>\n\n\n\n<ol start=\"8\" class=\"wp-block-list\">\n<li><\/li>\n<\/ol>\n\n\n\n<p>Werden die Waren dem K\u00e4ufer versp\u00e4tet geliefert oder werden sie aufgrund eines Verschuldens des K\u00e4ufers oder aufgrund von Umst\u00e4nden, die der K\u00e4ufer nicht zu vertreten hat, nicht geliefert, haftet der Verk\u00e4ufer nicht f\u00fcr eine Verletzung der Lieferbedingungen.<\/p>\n\n\n\n<p>Wenn der Zugang zum Online-Shop, die Registrierung im Online-Shop oder die Aufgabe einer Bestellung im Online-Shop aus technischen Gr\u00fcnden oder aus Gr\u00fcnden, die der Verk\u00e4ufer nicht zu vertreten hat, unm\u00f6glich ist oder behindert wird, haftet der Verk\u00e4ufer nicht f\u00fcr Sch\u00e4den, die dem K\u00e4ufer oder Dritten entstehen<\/p>\n\n\n\n<p>Der Verk\u00e4ufer haftet nicht f\u00fcr die Folgen, wenn das Bild der Online-Shop-Waren, das auf dem Computer oder Monitor des K\u00e4ufers angezeigt wird, aufgrund der Eigenschaften des Computers oder Monitors des K\u00e4ufers in irgendeiner Hinsicht von dem Aussehen der Waren in Natura abweicht.<\/p>\n\n\n\n<h2 class=\"wp-block-heading\"><strong>Verfahren zur Bearbeitung von Beschwerden und au\u00dfergerichtlichen Streitigkeiten<\/strong><\/h2>\n\n\n\n<ol start=\"9\" class=\"wp-block-list\">\n<li><\/li>\n<\/ol>\n\n\n\n<p>Beschwerden \u00fcber die Qualit\u00e4t der Waren und andere kaufbezogene Fragen sollten elektronisch an die E-Mail-Adresse <a href=\"mailto:info@goodmoodmeals.com\">info@goodmoodmeals.com<\/a> oder schriftlich an Livzemes iela 11\/13, Salaspils, Salaspils novads, LV-2169 eingereicht werden. Alle Beschwerden werden innerhalb von 7 Arbeitstagen nach Eingang der Beschwerde gepr\u00fcft, wobei eine Antwort an die in der Beschwerde angegebene Kontaktadresse gesendet wird.<\/p>\n\n\n\n<p>Wenn sich Ihre Beschwerde als unbegr\u00fcndet herausstellt und Sie mit der Feststellung der Unbegr\u00fcndetheit nicht einverstanden sind, haben Sie das Recht, die in den Gesetzen und Verordnungen vorgesehenen alternativen Streitbeilegungsm\u00f6glichkeiten zu nutzen, indem Sie beim Verk\u00e4ufer der Ware einen schriftlichen Antrag auf au\u00dfergerichtliche Streitbeilegung stellen, in dem Sie angeben:<\/p>\n\n\n\n<ul class=\"wp-block-list\">\n<li>Name, Nachname, Kontaktinformationen;<\/li>\n\n\n\n<li>das Datum, an dem Sie den Antrag eingereicht haben;<\/li>\n\n\n\n<li>die Art des Rechtsstreits, die Forderungen und die Gr\u00fcnde, auf die sie gest\u00fctzt werden.<\/li>\n<\/ul>\n\n\n\n<p>Informationen \u00fcber M\u00f6glichkeiten der au\u00dfergerichtlichen Streitbeilegung und au\u00dfergerichtliche Streitschlichter:<\/p>\n\n\n\n<p>Informationen \u00fcber das Streitbeilegungsverfahren: www.ptac.gov.lv\/lv\/content\/stridu-risinasanas-process<\/p>\n\n\n\n<p>Informationen \u00fcber die Datenbank der au\u00dfergerichtlichen Verbraucherschlichtungsstellen: www.ptac.gov.lv\/lv\/content\/arpustiesas-pateretaju-stridu-risinataju-datubaze<\/p>\n\n\n\n<p>Informationen zur Online-Streitbeilegung (ODR): Wenn es ein Problem mit einem online gekauften Produkt gibt, kann der Kunde \u00fcber die ODR-Plattform eine Beschwerde einreichen, die von einer unabh\u00e4ngigen Streitbeilegungsstelle bearbeitet wird. Link zur SIT-Plattform: <a href=\"https:\/\/ec.europa.eu\/consumers\/odr\/main\/index.cfm?event=main.home2.show&amp;lng=LV\">https:\/\/ec.europa.eu\/consumers\/odr\/main\/index.cfm?event=main.home2.show&amp;lng=LV<\/a> <\/p>\n\n\n\n<p>Um Probleme in den EU-Mitgliedstaaten zu l\u00f6sen, wenden Sie sich an die Europ\u00e4ischen Verbraucherzentren (ECC-Net).<\/p>\n\n\n\n<p><\/p>\n","protected":false},"excerpt":{"rendered":"<p>Allgemeine Gesch\u00e4ftsbedingungen und Kundeninformationen Der Verk\u00e4ufer &#8211; der Inhaber der Online-Handelsplattform www.goodmoodmeals.com, im Folgenden &#8222;Online-Shop&#8220; genannt, sowie aller damit verbundenen Rechte, ist JSC &#8222;ROGA-AGRO&#8220;, Registrierungsnummer 40003101668, mit der Rechts- und Postanschrift 11\/13 L\u012bvzemes iela, Salaspils, Salaspils novads, LV-2169. Im Rahmen seiner Gesch\u00e4ftst\u00e4tigkeit bietet und verkauft der Verk\u00e4ufer dem K\u00e4ufer im Rahmen dieses Fernabsatzvertrags, im Folgenden [&#8230;]\n","protected":false},"author":1,"featured_media":0,"parent":0,"menu_order":0,"comment_status":"closed","ping_status":"closed","template":"","meta":{"footnotes":""},"class_list":["post-1920","page","type-page","status-publish","hentry"],"_links":{"self":[{"href":"https:\/\/goodmoodmeals.com\/de\/wp-json\/wp\/v2\/pages\/1920","targetHints":{"allow":["GET"]}}],"collection":[{"href":"https:\/\/goodmoodmeals.com\/de\/wp-json\/wp\/v2\/pages"}],"about":[{"href":"https:\/\/goodmoodmeals.com\/de\/wp-json\/wp\/v2\/types\/page"}],"author":[{"embeddable":true,"href":"https:\/\/goodmoodmeals.com\/de\/wp-json\/wp\/v2\/users\/1"}],"replies":[{"embeddable":true,"href":"https:\/\/goodmoodmeals.com\/de\/wp-json\/wp\/v2\/comments?post=1920"}],"version-history":[{"count":1,"href":"https:\/\/goodmoodmeals.com\/de\/wp-json\/wp\/v2\/pages\/1920\/revisions"}],"predecessor-version":[{"id":7045,"href":"https:\/\/goodmoodmeals.com\/de\/wp-json\/wp\/v2\/pages\/1920\/revisions\/7045"}],"wp:attachment":[{"href":"https:\/\/goodmoodmeals.com\/de\/wp-json\/wp\/v2\/media?parent=1920"}],"curies":[{"name":"wp","href":"https:\/\/api.w.org\/{rel}","templated":true}]}}