{"id":1890,"date":"2024-10-24T12:10:22","date_gmt":"2024-10-24T12:10:22","guid":{"rendered":"https:\/\/goodmoodmeals.com\/rueckerstattung-und-rueckgabebedingungen\/"},"modified":"2024-11-29T09:39:07","modified_gmt":"2024-11-29T09:39:07","slug":"rueckerstattung-und-rueckgabebedingungen","status":"publish","type":"page","link":"https:\/\/goodmoodmeals.com\/de\/rueckerstattung-und-rueckgabebedingungen\/","title":{"rendered":"R\u00fcckerstattung und R\u00fcckgabebedingungen"},"content":{"rendered":"\n<h1 class=\"wp-block-heading\"><strong>Erstattungen und R\u00fcckgaben<\/strong><\/h1>\n\n\n\n<hr class=\"wp-block-separator has-alpha-channel-opacity\"\/>\n\n\n\n<p>Der Verbraucher hat das Recht, den mit der Website <strong>goodmoodmeals.com<\/strong> geschlossenen Vertrag innerhalb von <strong>14 Tagen<\/strong> zu widerrufen. Diese Frist beginnt an dem Tag, an dem der Verbraucher die Waren erh\u00e4lt. <\/p>\n\n\n\n<p><strong>Vom R\u00fcckgaberecht ausgeschlossen sind<\/strong> jedoch Waren, die nach den spezifischen Anforderungen des Kunden, der Vertragspartei ist, angefertigt wurden.<\/p>\n\n\n\n<p>Wenn der K\u00e4ufer sich entscheidet, vom Vertrag zur\u00fcckzutreten, werden wir die vom Kunden geleisteten Zahlungen unverz\u00fcglich, sp\u00e4testens jedoch innerhalb von <strong>14 Tagen<\/strong> nach Erhalt der zur\u00fcckgesandten Waren, erstatten. Der K\u00e4ufer ist verpflichtet, die Ware, die er vom Verk\u00e4ufer erhalten hat, <strong>unverz\u00fcglich<\/strong>, sp\u00e4testens jedoch innerhalb von <strong>14 Tagen<\/strong> nach \u00dcbermittlung des Widerrufs zur\u00fcckzusenden. <\/p>\n\n\n\n<p>Wenn dem urspr\u00fcnglichen Kauf ein Werbe- oder Gratisprodukt beigef\u00fcgt war, muss es zusammen mit der gekauften Ware zur\u00fcckgegeben werden.<\/p>\n\n\n\n<p>Die Kosten f\u00fcr die R\u00fccksendung der Artikel liegen in der Verantwortung des Verbrauchers, und die R\u00fcckerstattung deckt nur den f\u00fcr das Produkt selbst bezahlten Betrag ab. Die Versandkosten und die Kosten f\u00fcr die Zahlungsabwicklung sind nicht erstattungsf\u00e4hig. <\/p>\n\n\n\n<p>Zur Aus\u00fcbung des R\u00fccktrittsrechts muss der K\u00e4ufer einen formlosen R\u00fccktrittsantrag per E-Mail an <strong>goodmoodmeals.com<\/strong> mit den folgenden Angaben stellen:<\/p>\n\n\n\n<ul class=\"wp-block-list\">\n<li>Name der bestellten oder zur\u00fcckgesandten Ware<\/li>\n\n\n\n<li>Datum, an dem die Bestellung aufgegeben wurde<\/li>\n\n\n\n<li>Datum, an dem die Bestellung eingegangen ist<\/li>\n\n\n\n<li>Vollst\u00e4ndiger Name des K\u00e4ufers<\/li>\n\n\n\n<li>Kontaktinformationen des K\u00e4ufers<\/li>\n<\/ul>\n\n\n\n<p>Zur\u00fcckgesandte Artikel m\u00fcssen sich in ungenutztem Zustand und in der Originalverpackung befinden. Wenn die Artikel zur \u00dcberpr\u00fcfung aus der Verpackung genommen wurden, d\u00fcrfen sie nicht verwendet worden sein und m\u00fcssen nur in einer Weise gepr\u00fcft werden, wie es in einem physischen Gesch\u00e4ft m\u00f6glich w\u00e4re. Artikel, die aus der Originalverpackung entnommen wurden, m\u00fcssen sorgf\u00e4ltig neu verpackt werden, um Sch\u00e4den w\u00e4hrend des R\u00fccksendevorgangs zu vermeiden. Die Erstattung f\u00fcr zur\u00fcckgesandte Artikel erfolgt innerhalb von 14 Tagen durch \u00dcberweisung auf das urspr\u00fcnglich f\u00fcr die Zahlung verwendete Bankkonto.<\/p>\n\n\n\n<p><p><\/p><h2>Brauchen Sie Hilfe?<\/h2><\/p>\n\n\n\n<p>Wenden Sie sich bei Fragen zu Erstattungen und R\u00fcckgaben an <a href=\"mailto:info@goodmoodmeals.com\">info@goodmoodmeals.com<\/a>.<\/p>\n\n\n\n<p><\/p>\n","protected":false},"excerpt":{"rendered":"<p>Erstattungen und R\u00fcckgaben Der Verbraucher hat das Recht, den mit der Website goodmoodmeals.com geschlossenen Vertrag innerhalb von 14 Tagen zu widerrufen. Diese Frist beginnt an dem Tag, an dem der Verbraucher die Waren erh\u00e4lt. Vom R\u00fcckgaberecht ausgeschlossen sind jedoch Waren, die nach den spezifischen Anforderungen des Kunden, der Vertragspartei ist, angefertigt wurden. Wenn der K\u00e4ufer [&#8230;]\n","protected":false},"author":1,"featured_media":0,"parent":0,"menu_order":0,"comment_status":"closed","ping_status":"closed","template":"","meta":{"footnotes":""},"class_list":["post-1890","page","type-page","status-publish","hentry"],"_links":{"self":[{"href":"https:\/\/goodmoodmeals.com\/de\/wp-json\/wp\/v2\/pages\/1890","targetHints":{"allow":["GET"]}}],"collection":[{"href":"https:\/\/goodmoodmeals.com\/de\/wp-json\/wp\/v2\/pages"}],"about":[{"href":"https:\/\/goodmoodmeals.com\/de\/wp-json\/wp\/v2\/types\/page"}],"author":[{"embeddable":true,"href":"https:\/\/goodmoodmeals.com\/de\/wp-json\/wp\/v2\/users\/1"}],"replies":[{"embeddable":true,"href":"https:\/\/goodmoodmeals.com\/de\/wp-json\/wp\/v2\/comments?post=1890"}],"version-history":[{"count":0,"href":"https:\/\/goodmoodmeals.com\/de\/wp-json\/wp\/v2\/pages\/1890\/revisions"}],"wp:attachment":[{"href":"https:\/\/goodmoodmeals.com\/de\/wp-json\/wp\/v2\/media?parent=1890"}],"curies":[{"name":"wp","href":"https:\/\/api.w.org\/{rel}","templated":true}]}}