{"id":1861,"date":"2024-10-17T10:58:41","date_gmt":"2024-10-17T07:58:41","guid":{"rendered":"https:\/\/goodmoodmeals.com\/faq\/"},"modified":"2026-03-29T17:50:07","modified_gmt":"2026-03-29T14:50:07","slug":"faq","status":"publish","type":"page","link":"https:\/\/goodmoodmeals.com\/de\/faq\/","title":{"rendered":"FAQ"},"content":{"rendered":"\n\n\t<section class=\"section dark hide-for-small has-scroll-for-more\" id=\"section_1247317815\">\n\t\t<div class=\"section-bg fill\" >\n\t\t\t\t\t\t\t\t\t<div class=\"section-bg-overlay absolute fill\"><\/div><button class=\"scroll-for-more z-5 icon absolute bottom h-center\" aria-label=\"Scrollen f\u00fcr mehr\"><i class=\"icon-angle-down\" aria-hidden=\"true\" style=\"font-size:42px;\"><\/i><\/button>\n\t\t\t\n\n\t\t<\/div>\n\n\t\t\n\n\t\t<div class=\"section-content relative\">\n\t\t\t\n\n<div class=\"row align-center\"  id=\"row-1470277776\">\n\n\n\t<div id=\"col-1112058226\" class=\"col medium-10 small-12 large-10\"  >\n\t\t\t\t<div class=\"col-inner text-center\"  >\n\t\t\t\n\t\t\t\n\n\t<div id=\"text-269729434\" class=\"text\">\n\t\t\n\n<h2>Wie k\u00f6nnen wir helfen?<\/h2>\n\t\t\n<style>\n#text-269729434 {\n  font-size: 1.5rem;\n}\n<\/style>\n\t<\/div>\n\t\n\t<div id=\"gap-573943481\" class=\"gap-element clearfix\" style=\"display:block; height:auto;\">\n\t\t\n<style>\n#gap-573943481 {\n  padding-top: 30px;\n}\n<\/style>\n\t<\/div>\n\t\n\n<div class=\"searchform-wrapper ux-search-box relative form-flat is-normal\"><form role=\"search\" method=\"get\" class=\"searchform\" action=\"https:\/\/goodmoodmeals.com\/de\/\">\n\t<div class=\"flex-row relative\">\n\t\t\t\t\t\t<div class=\"flex-col flex-grow\">\n\t\t\t<label class=\"screen-reader-text\" for=\"woocommerce-product-search-field-0\">Suche nach:<\/label>\n\t\t\t<input type=\"search\" id=\"woocommerce-product-search-field-0\" class=\"search-field mb-0\" placeholder=\"Find your meal\" value=\"\" name=\"s\" \/>\n\t\t\t<input type=\"hidden\" name=\"post_type\" value=\"product\" \/>\n\t\t\t\t\t\t\t<input type=\"hidden\" name=\"lang\" value=\"de\" \/>\n\t\t\t\t\t<\/div>\n\t\t<div class=\"flex-col\">\n\t\t\t<button type=\"submit\" value=\"Suchen\" class=\"ux-search-submit submit-button secondary button  icon mb-0\" aria-label=\"\u00dcbermitteln\">\n\t\t\t\t<i class=\"icon-search\" aria-hidden=\"true\"><\/i>\t\t\t<\/button>\n\t\t<\/div>\n\t<\/div>\n\t<div class=\"live-search-results text-left z-top\"><\/div>\n<\/form>\n<\/div>\n\n\t<div id=\"gap-70510480\" class=\"gap-element clearfix\" style=\"display:block; height:auto;\">\n\t\t\n<style>\n#gap-70510480 {\n  padding-top: 30px;\n}\n<\/style>\n\t<\/div>\n\t\n\n\n\t\t<\/div>\n\t\t\t\t\t<\/div>\n\n\t\n\n<\/div>\n\n\t\t<\/div>\n\n\t\t\n<style>\n#section_1247317815 {\n  padding-top: 30px;\n  padding-bottom: 30px;\n  min-height: 350px;\n  background-color: #24482d;\n}\n#section_1247317815 .section-bg-overlay {\n  background-color: rgba(0,0,0,.5);\n}\n<\/style>\n\t<\/section>\n\t\n\n\t<section class=\"section dark show-for-small has-scroll-for-more\" id=\"section_2069605372\">\n\t\t<div class=\"section-bg fill\" >\n\t\t\t\t\t\t\t\t\t<div class=\"section-bg-overlay absolute fill\"><\/div><button class=\"scroll-for-more z-5 icon absolute bottom h-center\" aria-label=\"Scrollen f\u00fcr mehr\"><i class=\"icon-angle-down\" aria-hidden=\"true\" style=\"font-size:42px;\"><\/i><\/button>\n\t\t\t\n\n\t\t<\/div>\n\n\t\t\n\n\t\t<div class=\"section-content relative\">\n\t\t\t\n\n<div class=\"row align-center\"  id=\"row-2026074564\">\n\n\n\t<div id=\"col-681885653\" class=\"col medium-10 small-12 large-10\"  >\n\t\t\t\t<div class=\"col-inner text-center\"  >\n\t\t\t\n\t\t\t\n\n\t<div id=\"text-608111008\" class=\"text\">\n\t\t\n\n<h2>Wie k\u00f6nnen wir helfen?<\/h2>\n\t\t\n<style>\n#text-608111008 {\n  font-size: 1.5rem;\n}\n<\/style>\n\t<\/div>\n\t\n\t<div id=\"gap-1770166467\" class=\"gap-element clearfix\" style=\"display:block; height:auto;\">\n\t\t\n<style>\n#gap-1770166467 {\n  padding-top: 30px;\n}\n<\/style>\n\t<\/div>\n\t\n\n<div class=\"searchform-wrapper ux-search-box relative form-flat is-normal\"><form role=\"search\" method=\"get\" class=\"searchform\" action=\"https:\/\/goodmoodmeals.com\/de\/\">\n\t<div class=\"flex-row relative\">\n\t\t\t\t\t\t<div class=\"flex-col flex-grow\">\n\t\t\t<label class=\"screen-reader-text\" for=\"woocommerce-product-search-field-1\">Suche nach:<\/label>\n\t\t\t<input type=\"search\" id=\"woocommerce-product-search-field-1\" class=\"search-field mb-0\" placeholder=\"Find your meal\" value=\"\" name=\"s\" \/>\n\t\t\t<input type=\"hidden\" name=\"post_type\" value=\"product\" \/>\n\t\t\t\t\t\t\t<input type=\"hidden\" name=\"lang\" value=\"de\" \/>\n\t\t\t\t\t<\/div>\n\t\t<div class=\"flex-col\">\n\t\t\t<button type=\"submit\" value=\"Suchen\" class=\"ux-search-submit submit-button secondary button  icon mb-0\" aria-label=\"\u00dcbermitteln\">\n\t\t\t\t<i class=\"icon-search\" aria-hidden=\"true\"><\/i>\t\t\t<\/button>\n\t\t<\/div>\n\t<\/div>\n\t<div class=\"live-search-results text-left z-top\"><\/div>\n<\/form>\n<\/div>\n\n\t<div id=\"gap-351756066\" class=\"gap-element clearfix\" style=\"display:block; height:auto;\">\n\t\t\n<style>\n#gap-351756066 {\n  padding-top: 30px;\n}\n<\/style>\n\t<\/div>\n\t\n\n\n\t\t<\/div>\n\t\t\t\t\t<\/div>\n\n\t\n\n<\/div>\n\n\t\t<\/div>\n\n\t\t\n<style>\n#section_2069605372 {\n  padding-top: 30px;\n  padding-bottom: 30px;\n  min-height: 600px;\n  background-color: rgb(36, 72, 45);\n}\n#section_2069605372 .section-bg-overlay {\n  background-color: rgba(0,0,0,.5);\n}\n@media (min-width:550px) {\n  #section_2069605372 .section-bg-overlay {\n    background-color: rgba(0, 0, 0, 0.355);\n  }\n}\n<\/style>\n\t<\/section>\n\t\n\n\t<section class=\"section\" id=\"section_40784355\">\n\t\t<div class=\"section-bg fill\" >\n\t\t\t\t\t\t\t\t\t\n\t\t\t\n\n\t\t<\/div>\n\n\t\t\n\n\t\t<div class=\"section-content relative\">\n\t\t\t\n\n<div class=\"row\"  id=\"row-1868427035\">\n\n\n\t<div id=\"col-1765905402\" class=\"col small-12 large-12\"  >\n\t\t\t\t<div class=\"col-inner text-center\"  >\n\t\t\t\n\t\t\t\n\n<h3>Erkunden Sie die Wissensdatenbank<\/h3>\n\n\t\t<\/div>\n\t\t\t\t\t<\/div>\n\n\t\n\n<\/div>\n<div class=\"row align-equal row-box-shadow-2-hover\"  id=\"row-1158744104\">\n\n\n\t<div id=\"col-1646384115\" class=\"col medium-6 small-12 large-4\"  data-animate=\"bounceInUp\">\n\t\t\t\t<div class=\"col-inner\"  >\n\t\t\t\n\t\t\t\n\n\n\t<a class=\"plain\" href=\"https:\/\/goodmoodmeals.com\/de\/versand-lieferung-von-waren\/\" >\t<div class=\"icon-box featured-box icon-box-center text-center\"  >\n\t\t\t\t\t<div class=\"icon-box-img\" style=\"width: 48px\">\n\t\t\t\t<div class=\"icon\">\n\t\t\t\t\t<div class=\"icon-inner\" >\n\t\t\t\t\t\t<img decoding=\"async\" width=\"96\" height=\"96\" src=\"https:\/\/goodmoodmeals.com\/wp-content\/uploads\/2024\/10\/truck-line-2.png\" class=\"attachment-medium size-medium\" alt=\"\" \/>\t\t\t\t\t<\/div>\n\t\t\t\t<\/div>\n\t\t\t<\/div>\n\t\t\t\t<div class=\"icon-box-text last-reset\">\n\t\t\t\t\t\t\t\t\t\n\n<h3>Versand<\/h3>\n\n\t\t<\/div>\n\t<\/div>\n\t<\/a>\n\t\n\n\t\t<\/div>\n\t\t\t\t\t<\/div>\n\n\t\n\n\t<div id=\"col-488754143\" class=\"col medium-6 small-12 large-4\"  data-animate=\"bounceInUp\">\n\t\t\t\t<div class=\"col-inner\"  >\n\t\t\t\n\t\t\t\n\n\n\t<a class=\"plain\" href=\"https:\/\/goodmoodmeals.com\/de\/zahlungen\/\" >\t<div class=\"icon-box featured-box icon-box-center text-center\"  >\n\t\t\t\t\t<div class=\"icon-box-img\" style=\"width: 48px\">\n\t\t\t\t<div class=\"icon\">\n\t\t\t\t\t<div class=\"icon-inner\" >\n\t\t\t\t\t\t<img decoding=\"async\" width=\"96\" height=\"96\" src=\"https:\/\/goodmoodmeals.com\/wp-content\/uploads\/2024\/10\/bank-card-2-line.png\" class=\"attachment-medium size-medium\" alt=\"\" \/>\t\t\t\t\t<\/div>\n\t\t\t\t<\/div>\n\t\t\t<\/div>\n\t\t\t\t<div class=\"icon-box-text last-reset\">\n\t\t\t\t\t\t\t\t\t\n\n<h3>Zahlungen<\/h3>\n\n\t\t<\/div>\n\t<\/div>\n\t<\/a>\n\t\n\n\t\t<\/div>\n\t\t\t\t\t<\/div>\n\n\t\n\n\t<div id=\"col-1054597948\" class=\"col medium-6 small-12 large-4\"  data-animate=\"bounceInUp\">\n\t\t\t\t<div class=\"col-inner\"  >\n\t\t\t\n\t\t\t\n\n\n\t<a class=\"plain\" href=\"https:\/\/goodmoodmeals.com\/de\/rueckerstattung-und-rueckgabebedingungen\/\" >\t<div class=\"icon-box featured-box icon-box-center text-center\"  >\n\t\t\t\t\t<div class=\"icon-box-img\" style=\"width: 48px\">\n\t\t\t\t<div class=\"icon\">\n\t\t\t\t\t<div class=\"icon-inner\" >\n\t\t\t\t\t\t<img decoding=\"async\" width=\"96\" height=\"96\" src=\"https:\/\/goodmoodmeals.com\/wp-content\/uploads\/2024\/10\/arrow-left-right-line.png\" class=\"attachment-medium size-medium\" alt=\"\" \/>\t\t\t\t\t<\/div>\n\t\t\t\t<\/div>\n\t\t\t<\/div>\n\t\t\t\t<div class=\"icon-box-text last-reset\">\n\t\t\t\t\t\t\t\t\t\n\n<h3>Liefert<\/h3>\n\n\t\t<\/div>\n\t<\/div>\n\t<\/a>\n\t\n\n\t\t<\/div>\n\t\t\t\t\t<\/div>\n\n\t\n\n\t<div id=\"col-639847054\" class=\"col medium-6 small-12 large-4\"  data-animate=\"bounceInUp\">\n\t\t\t\t<div class=\"col-inner\"  >\n\t\t\t\n\t\t\t\n\n\n\t<a class=\"plain\" href=\"https:\/\/goodmoodmeals.com\/my-account\/orders\/\" >\t<div class=\"icon-box featured-box icon-box-center text-center\"  >\n\t\t\t\t\t<div class=\"icon-box-img\" style=\"width: 48px\">\n\t\t\t\t<div class=\"icon\">\n\t\t\t\t\t<div class=\"icon-inner\" >\n\t\t\t\t\t\t<img decoding=\"async\" width=\"96\" height=\"96\" src=\"https:\/\/goodmoodmeals.com\/wp-content\/uploads\/2024\/10\/archive-line.png\" class=\"attachment-medium size-medium\" alt=\"\" \/>\t\t\t\t\t<\/div>\n\t\t\t\t<\/div>\n\t\t\t<\/div>\n\t\t\t\t<div class=\"icon-box-text last-reset\">\n\t\t\t\t\t\t\t\t\t\n\n<h3>Bestellungen<\/h3>\n\n\t\t<\/div>\n\t<\/div>\n\t<\/a>\n\t\n\n\t\t<\/div>\n\t\t\t\t\t<\/div>\n\n\t\n\n\t<div id=\"col-1288085624\" class=\"col medium-6 small-12 large-4\"  data-animate=\"bounceInUp\">\n\t\t\t\t<div class=\"col-inner\"  >\n\t\t\t\n\t\t\t\n\n\n\t<a class=\"plain\" href=\"https:\/\/goodmoodmeals.com\/my-account\/edit-account\/\" >\t<div class=\"icon-box featured-box icon-box-center text-center\"  >\n\t\t\t\t\t<div class=\"icon-box-img\" style=\"width: 48px\">\n\t\t\t\t<div class=\"icon\">\n\t\t\t\t\t<div class=\"icon-inner\" >\n\t\t\t\t\t\t<img decoding=\"async\" width=\"96\" height=\"96\" src=\"https:\/\/goodmoodmeals.com\/wp-content\/uploads\/2024\/10\/user-smile-line.png\" class=\"attachment-medium size-medium\" alt=\"\" \/>\t\t\t\t\t<\/div>\n\t\t\t\t<\/div>\n\t\t\t<\/div>\n\t\t\t\t<div class=\"icon-box-text last-reset\">\n\t\t\t\t\t\t\t\t\t\n\n<h3>Konto<\/h3>\n\n\t\t<\/div>\n\t<\/div>\n\t<\/a>\n\t\n\n\t\t<\/div>\n\t\t\t\t\t<\/div>\n\n\t\n\n\t<div id=\"col-843914309\" class=\"col medium-6 small-12 large-4\"  data-animate=\"bounceInUp\">\n\t\t\t\t<div class=\"col-inner\"  >\n\t\t\t\n\t\t\t\n\n\n\t<a class=\"plain\" href=\"https:\/\/goodmoodmeals.com\/de\/bedingungen-und-konditionen\/\" >\t<div class=\"icon-box featured-box icon-box-center text-center\"  >\n\t\t\t\t\t<div class=\"icon-box-img\" style=\"width: 48px\">\n\t\t\t\t<div class=\"icon\">\n\t\t\t\t\t<div class=\"icon-inner\" >\n\t\t\t\t\t\t<img decoding=\"async\" width=\"96\" height=\"96\" src=\"https:\/\/goodmoodmeals.com\/wp-content\/uploads\/2024\/10\/file-list-line.png\" class=\"attachment-medium size-medium\" alt=\"\" \/>\t\t\t\t\t<\/div>\n\t\t\t\t<\/div>\n\t\t\t<\/div>\n\t\t\t\t<div class=\"icon-box-text last-reset\">\n\t\t\t\t\t\t\t\t\t\n\n<h3>Begriffe<\/h3>\n\n\t\t<\/div>\n\t<\/div>\n\t<\/a>\n\t\n\n\t\t<\/div>\n\t\t\t\t\t<\/div>\n\n\t\n\n\n<style>\n#row-1158744104 > .col > .col-inner {\n  padding: 40px 40px 40px 40px;\n  background-color: rgb(255,255,255);\n  border-radius: 20px;\n}\n<\/style>\n<\/div>\n\n\t\t<\/div>\n\n\t\t\n<style>\n#section_40784355 {\n  padding-top: 60px;\n  padding-bottom: 60px;\n  background-color: rgb(250, 250, 250);\n}\n<\/style>\n\t<\/section>\n\t\n\n\t<section class=\"section\" id=\"section_2518483\">\n\t\t<div class=\"section-bg fill\" >\n\t\t\t\t\t\t\t\t\t\n\t\t\t\n\n\t\t<\/div>\n\n\t\t\n\n\t\t<div class=\"section-content relative\">\n\t\t\t\n\n<div class=\"row\"  id=\"row-1952027831\">\n\n\n\t<div id=\"col-1290000232\" class=\"col small-12 large-12\"  >\n\t\t\t\t<div class=\"col-inner text-center\"  >\n\t\t\t\n\t\t\t\n\n<h3>Laufende Artikel<\/h3>\n\n\t\t<\/div>\n\t\t\t\t\t<\/div>\n\n\t\n\n<\/div>\n<div class=\"row\"  id=\"row-1024281777\">\n\n\n\t<div id=\"col-752676292\" class=\"col medium-12 small-12 large-6\"  >\n\t\t\t\t<div class=\"col-inner\"  >\n\t\t\t\n\t\t\t\n\n<div class=\"accordion\">\n\n\t<div id=\"accordion-348744490\" class=\"accordion-item\">\n\t\t<a id=\"accordion-348744490-label\" class=\"accordion-title plain\" href=\"#accordion-item-wie-bereitet-man-produkte-zu?\" aria-expanded=\"false\" aria-controls=\"accordion-348744490-content\">\n\t\t\t<button class=\"toggle\" aria-label=\"Umschalten\"><i class=\"icon-angle-down\" aria-hidden=\"true\"><\/i><\/button>\n\t\t\t<span>Wie bereitet man Produkte zu?<\/span>\n\t\t<\/a>\n\t\t<div id=\"accordion-348744490-content\" class=\"accordion-inner\" aria-labelledby=\"accordion-348744490-label\">\n\t\t\t\n\n<div style=\"width: 700px;\" class=\"wp-video\"><video class=\"wp-video-shortcode\" id=\"video-1861-1\" width=\"700\" height=\"700\" preload=\"metadata\" controls=\"controls\"><source type=\"video\/mp4\" src=\"https:\/\/goodmoodmeals.com\/wp-content\/uploads\/2024\/10\/gmm_velo_ver2-copy-RESIZE-Videobolt.net_.mp4?_=1\" \/><a href=\"https:\/\/goodmoodmeals.com\/wp-content\/uploads\/2024\/10\/gmm_velo_ver2-copy-RESIZE-Videobolt.net_.mp4\">https:\/\/goodmoodmeals.com\/wp-content\/uploads\/2024\/10\/gmm_velo_ver2-copy-RESIZE-Videobolt.net_.mp4<\/a><\/video><\/div>\n\t<div id=\"text-2264466387\" class=\"text\">\n\t\t\n\n\n\t\t\n<style>\n#text-2264466387 {\n  font-size: 0.95rem;\n  text-align: center;\n}\n<\/style>\n\t<\/div>\n\t\n\n\t\t<\/div>\n\t<\/div>\n\t\n\t<div id=\"accordion-3182899584\" class=\"accordion-item\">\n\t\t<a id=\"accordion-3182899584-label\" class=\"accordion-title plain\" href=\"#accordion-item-was-ist,-wenn-ich-meine-lieferadresse-\u00e4ndern-muss?\" aria-expanded=\"false\" aria-controls=\"accordion-3182899584-content\">\n\t\t\t<button class=\"toggle\" aria-label=\"Umschalten\"><i class=\"icon-angle-down\" aria-hidden=\"true\"><\/i><\/button>\n\t\t\t<span>Was ist, wenn ich meine Lieferadresse \u00e4ndern muss?<\/span>\n\t\t<\/a>\n\t\t<div id=\"accordion-3182899584-content\" class=\"accordion-inner\" aria-labelledby=\"accordion-3182899584-label\">\n\t\t\t\n\n<p>Wenn Sie Ihre Lieferadresse aktualisieren m\u00fcssen, wenden Sie sich bitte so schnell wie m\u00f6glich an unseren Kundenservice. Wenn Ihre Bestellung noch nicht versandt wurde, aktualisieren wir die gespeicherte Adresse. Bei Bestellungen, die bereits unterwegs sind, tun wir unser Bestes, um Ihnen zu helfen, aber \u00c4nderungen sind nicht immer m\u00f6glich.  <\/p>\n\n\t\t<\/div>\n\t<\/div>\n\t\n\t<div id=\"accordion-3011998502\" class=\"accordion-item\">\n\t\t<a id=\"accordion-3011998502-label\" class=\"accordion-title plain\" href=\"#accordion-item-kann-ich-eine-lieferung-am-selben-tag-erhalten?\" aria-expanded=\"false\" aria-controls=\"accordion-3011998502-content\">\n\t\t\t<button class=\"toggle\" aria-label=\"Umschalten\"><i class=\"icon-angle-down\" aria-hidden=\"true\"><\/i><\/button>\n\t\t\t<span>Kann ich eine Lieferung am selben Tag erhalten?<\/span>\n\t\t<\/a>\n\t\t<div id=\"accordion-3011998502-content\" class=\"accordion-inner\" aria-labelledby=\"accordion-3011998502-label\">\n\t\t\t\n\n<p data-start=\"0\" data-end=\"241\">Wir bieten derzeit keine Lieferung am selben Tag an. Die Standardlieferzeiten variieren je nach Standort, aber wir bem\u00fchen uns, Bestellungen so schnell wie m\u00f6glich zu bearbeiten und zu versenden, sp\u00e4testens jedoch innerhalb von 24 Stunden.<\/p>\n<p data-start=\"243\" data-end=\"436\" data-is-last-node=\"\">F\u00fcr schnellere Lieferoptionen pr\u00fcfen Sie bitte unsere verf\u00fcgbaren Versandmethoden an der Kasse oder kontaktieren Sie uns per E-Mail oder Telefon: <strong data-start=\"389\" data-end=\"415\"><a rel=\"noopener\" data-start=\"391\" data-end=\"413\">info@goodmoodmeals.com<\/a><\/strong> | <strong data-start=\"418\" data-end=\"435\">+371 20018946<\/strong>.<\/p>\n\n\t\t<\/div>\n\t<\/div>\n\t\n\n<\/div>\n\n\t\t<\/div>\n\t\t\t\t\t<\/div>\n\n\t\n\n\t<div id=\"col-2084282039\" class=\"col medium-12 small-12 large-6\"  >\n\t\t\t\t<div class=\"col-inner\"  >\n\t\t\t\n\t\t\t\n\n<div class=\"accordion\">\n\n\t<div id=\"accordion-1648811504\" class=\"accordion-item\">\n\t\t<a id=\"accordion-1648811504-label\" class=\"accordion-title plain\" href=\"#accordion-item-wie-bekomme-ich-eine-r\u00fcckerstattung?\" aria-expanded=\"false\" aria-controls=\"accordion-1648811504-content\">\n\t\t\t<button class=\"toggle\" aria-label=\"Umschalten\"><i class=\"icon-angle-down\" aria-hidden=\"true\"><\/i><\/button>\n\t\t\t<span>Wie bekomme ich eine R\u00fcckerstattung?<\/span>\n\t\t<\/a>\n\t\t<div id=\"accordion-1648811504-content\" class=\"accordion-inner\" aria-labelledby=\"accordion-1648811504-label\">\n\t\t\t\n\n<p>Um eine R\u00fcckerstattung anzufordern, wenden Sie sich bitte unter Angabe Ihrer Bestellnummer und des Grundes f\u00fcr die R\u00fcckgabe an unseren Kundendienst. R\u00fcckerstattungen werden in der Regel innerhalb von 7 Tagen nach Erhalt der zur\u00fcckgesendeten Ware gem\u00e4\u00df unseren Richtlinien <a href=\"\">f\u00fcr R\u00fccksendungen<\/a> bearbeitet. <\/p>\n\n\t\t<\/div>\n\t<\/div>\n\t\n\t<div id=\"accordion-2761037641\" class=\"accordion-item\">\n\t\t<a id=\"accordion-2761037641-label\" class=\"accordion-title plain\" href=\"#accordion-item-was-ist-gefriertrocknung?\" aria-expanded=\"false\" aria-controls=\"accordion-2761037641-content\">\n\t\t\t<button class=\"toggle\" aria-label=\"Umschalten\"><i class=\"icon-angle-down\" aria-hidden=\"true\"><\/i><\/button>\n\t\t\t<span>Was ist Gefriertrocknung?<\/span>\n\t\t<\/a>\n\t\t<div id=\"accordion-2761037641-content\" class=\"accordion-inner\" aria-labelledby=\"accordion-2761037641-label\">\n\t\t\t\n\n<p>Das Konzept hinter Good Mood Meals ist die Gefriertrocknung. Bei diesem Verfahren wird Wasser direkt von Eis zu Dampf sublimiert, wobei der fl\u00fcssige Zustand umgangen wird, und dann das Wasser aus der trockenen Schicht entfernt. Auf diese Weise bleiben ca. 97% des N\u00e4hrwerts der Mahlzeiten erhalten und die Haltbarkeit betr\u00e4gt bis zu 7 Jahre.  <\/p>\n\n\t\t<\/div>\n\t<\/div>\n\t\n\t<div id=\"accordion-2456439227\" class=\"accordion-item\">\n\t\t<a id=\"accordion-2456439227-label\" class=\"accordion-title plain\" href=\"#accordion-item-was-geschieht-mit-meinen-pers\u00f6nlichen-daten?\" aria-expanded=\"false\" aria-controls=\"accordion-2456439227-content\">\n\t\t\t<button class=\"toggle\" aria-label=\"Umschalten\"><i class=\"icon-angle-down\" aria-hidden=\"true\"><\/i><\/button>\n\t\t\t<span>Was geschieht mit meinen pers\u00f6nlichen Daten?<\/span>\n\t\t<\/a>\n\t\t<div id=\"accordion-2456439227-content\" class=\"accordion-inner\" aria-labelledby=\"accordion-2456439227-label\">\n\t\t\t\n\n<p>Wir sammeln nur die Daten, die f\u00fcr die Bearbeitung von Bestellungen und die Verbesserung Ihres Erlebnisses notwendig sind. Ihre Daten werden niemals weitergegeben oder verkauft, und wir befolgen strenge Sicherheitsma\u00dfnahmen. Einzelheiten finden Sie in unserer <a href=\"\">Datenschutzerkl\u00e4rung<\/a>.  <\/p>\n\n\t\t<\/div>\n\t<\/div>\n\t\n\n<\/div>\n\n\t\t<\/div>\n\t\t\t\t\t<\/div>\n\n\t\n\n<\/div>\n<div class=\"row\"  id=\"row-914729702\">\n\n\n\t<div id=\"col-1130575009\" class=\"col small-12 large-12\"  >\n\t\t\t\t<div class=\"col-inner text-center\" style=\"background-color:rgb(255, 255, 255);\" >\n\t\t\t\n\t\t\t\n\n<h3>  Haben Sie noch eine Frage?<br \/><\/h3>\n<p>Bitte kontaktieren Sie uns f\u00fcr weitere Informationen.<\/p>\n<a href=\"https:\/\/goodmoodmeals.com\/de\/unterstuetzen-sie\/\" class=\"button primary\" style=\"border-radius:5px;padding:10px 30px 10px 30px;\">\n\t\t<span>Kontakt aufnehmen<\/span>\n\t<\/a>\n\n\n\n\t\t<\/div>\n\t\t\t\t\n<style>\n#col-1130575009 > .col-inner {\n  padding: 40px 40px 40px 40px;\n  margin: 40px 0px 0px 0px;\n  border-radius: 20px;\n}\n<\/style>\n\t<\/div>\n\n\t\n\n<\/div>\n\n\t\t<\/div>\n\n\t\t\n<style>\n#section_2518483 {\n  padding-top: 80px;\n  padding-bottom: 80px;\n}\n<\/style>\n\t<\/section>\n\t\n\n","protected":false},"excerpt":{"rendered":"","protected":false},"author":1,"featured_media":0,"parent":0,"menu_order":0,"comment_status":"closed","ping_status":"closed","template":"page-blank.php","meta":{"footnotes":""},"class_list":["post-1861","page","type-page","status-publish","hentry"],"_links":{"self":[{"href":"https:\/\/goodmoodmeals.com\/de\/wp-json\/wp\/v2\/pages\/1861","targetHints":{"allow":["GET"]}}],"collection":[{"href":"https:\/\/goodmoodmeals.com\/de\/wp-json\/wp\/v2\/pages"}],"about":[{"href":"https:\/\/goodmoodmeals.com\/de\/wp-json\/wp\/v2\/types\/page"}],"author":[{"embeddable":true,"href":"https:\/\/goodmoodmeals.com\/de\/wp-json\/wp\/v2\/users\/1"}],"replies":[{"embeddable":true,"href":"https:\/\/goodmoodmeals.com\/de\/wp-json\/wp\/v2\/comments?post=1861"}],"version-history":[{"count":2,"href":"https:\/\/goodmoodmeals.com\/de\/wp-json\/wp\/v2\/pages\/1861\/revisions"}],"predecessor-version":[{"id":7104,"href":"https:\/\/goodmoodmeals.com\/de\/wp-json\/wp\/v2\/pages\/1861\/revisions\/7104"}],"wp:attachment":[{"href":"https:\/\/goodmoodmeals.com\/de\/wp-json\/wp\/v2\/media?parent=1861"}],"curies":[{"name":"wp","href":"https:\/\/api.w.org\/{rel}","templated":true}]}}